{"id":8006,"date":"2024-12-29T08:30:49","date_gmt":"2024-12-29T08:30:49","guid":{"rendered":"https:\/\/parashopnarimel.com\/?post_type=product&#038;p=8006"},"modified":"2025-01-19T09:58:41","modified_gmt":"2025-01-19T09:58:41","slug":"selenium-ace","status":"publish","type":"product","link":"https:\/\/parashopnarimel.com\/ar\/product\/selenium-ace\/","title":{"rendered":"S\u00e9l\u00e9nium Ace"},"content":{"rendered":"<p>Quel objectif?<br \/>\nAide \u00e0 lutter contre les radicaux libres responsables du vieillissement cellulaire et le stress oxydant.<br \/>\nPour qui?<br \/>\nPour les personnes qui veulent contribuer \u00e0 prot\u00e9ger les cellules contre le stress oxydatif.<br \/>\nIl contribue au maintien d\u2019ongles et de cheveux normaux.<br \/>\nAvec quels actifs?<br \/>\nle s\u00e9l\u00e9nium un oligo-\u00e9l\u00e9ment qui contribue \u00e0 prot\u00e9ger les cellules de l\u2019organisme contre les dommages oxydatifs pouvant \u00eatre caus\u00e9s par la pollution, le stress, les UV.<br \/>\nles vitamines C et E : antioxydants capables de neutraliser les radicaux libres et prot\u00e9ger les cellules contre le stress oxydatif.<br \/>\nla vitamine A contribue au processus de dif\u00e9rentiation cellulaire.<\/p>","protected":false},"excerpt":{"rendered":"<p>Compl\u00e9ment alimentaire qui lutte contre le vieillissement cellulaire et le stress oxydant.<\/p>","protected":false},"featured_media":8066,"comment_status":"open","ping_status":"closed","template":"","meta":[],"product_brand":[],"product_cat":[2890],"product_tag":[],"class_list":{"0":"post-8006","1":"product","2":"type-product","3":"status-publish","4":"has-post-thumbnail","6":"product_cat-complements-alimentaires","8":"first","9":"instock","10":"shipping-taxable","11":"purchasable","12":"product-type-simple"},"_links":{"self":[{"href":"https:\/\/parashopnarimel.com\/ar\/wp-json\/wp\/v2\/product\/8006","targetHints":{"allow":["GET"]}}],"collection":[{"href":"https:\/\/parashopnarimel.com\/ar\/wp-json\/wp\/v2\/product"}],"about":[{"href":"https:\/\/parashopnarimel.com\/ar\/wp-json\/wp\/v2\/types\/product"}],"replies":[{"embeddable":true,"href":"https:\/\/parashopnarimel.com\/ar\/wp-json\/wp\/v2\/comments?post=8006"}],"version-history":[{"count":2,"href":"https:\/\/parashopnarimel.com\/ar\/wp-json\/wp\/v2\/product\/8006\/revisions"}],"predecessor-version":[{"id":8147,"href":"https:\/\/parashopnarimel.com\/ar\/wp-json\/wp\/v2\/product\/8006\/revisions\/8147"}],"wp:featuredmedia":[{"embeddable":true,"href":"https:\/\/parashopnarimel.com\/ar\/wp-json\/wp\/v2\/media\/8066"}],"wp:attachment":[{"href":"https:\/\/parashopnarimel.com\/ar\/wp-json\/wp\/v2\/media?parent=8006"}],"wp:term":[{"taxonomy":"product_brand","embeddable":true,"href":"https:\/\/parashopnarimel.com\/ar\/wp-json\/wp\/v2\/product_brand?post=8006"},{"taxonomy":"product_cat","embeddable":true,"href":"https:\/\/parashopnarimel.com\/ar\/wp-json\/wp\/v2\/product_cat?post=8006"},{"taxonomy":"product_tag","embeddable":true,"href":"https:\/\/parashopnarimel.com\/ar\/wp-json\/wp\/v2\/product_tag?post=8006"}],"curies":[{"name":"wp","href":"https:\/\/api.w.org\/{rel}","templated":true}]}}