{"id":807,"date":"2024-12-08T03:13:10","date_gmt":"2024-12-08T03:13:10","guid":{"rendered":"https:\/\/parashopnarimel.com\/?post_type=product&#038;p=807"},"modified":"2025-01-20T18:03:38","modified_gmt":"2025-01-20T18:03:38","slug":"cleanance-gel-nettoyant-400-ml","status":"publish","type":"product","link":"https:\/\/parashopnarimel.com\/ar\/product\/cleanance-gel-nettoyant-400-ml\/","title":{"rendered":"Cleanance Gel nettoyant 400 ML"},"content":{"rendered":"<p>Un gel nettoyant, purifiant et matifiant pour l&rsquo;hygi\u00e8ne quotidienne des peaux sensibles grasses, \u00e0 imperfections ou \u00e0 tendance acn\u00e9ique. Visage et corps.<\/p>","protected":false},"excerpt":{"rendered":"<p>Un gel nettoyant purifiant, l\u00e9g\u00e8rement moussant, destin\u00e9 aux peaux grasses et \/ou \u00e0 tendance acn\u00e9ique. Sa formule respectueuse des peaux sensibles combine une association unique d&rsquo;actifs aux triples b\u00e9n\u00e9fices : un nettoyage d\u00e9licat gr\u00e2ce \u00e0 une base lavante douce, un effet matifiant assur\u00e9 par la Comedoclastin\u2122, un actif v\u00e9g\u00e9tal issu de graines de chardon marie aux propri\u00e9t\u00e9s brevet\u00e9es* qui r\u00e9duit l\u2019exc\u00e8s de s\u00e9bum, et un confort li\u00e9 \u00e0 l&rsquo;Eau thermale d&rsquo;Av\u00e8ne aux propri\u00e9t\u00e9s apaisantes et anti-irritantes. La peau est nette, fra\u00eeche, purifi\u00e9e et moins brillante. Cleanance Gel nettoyant convient aux porteurs de lentilles. Avec son pH physiologique, il est formul\u00e9 sans savon, et pr\u00e9sente une tr\u00e8s bonne tol\u00e9rance cutan\u00e9e. Formule biod\u00e9gradable**.<\/p>","protected":false},"featured_media":809,"comment_status":"open","ping_status":"closed","template":"","meta":[],"product_brand":[],"product_cat":[96,2911,22,2886],"product_tag":[],"class_list":{"0":"post-807","1":"product","2":"type-product","3":"status-publish","4":"has-post-thumbnail","6":"product_cat-non-classe","7":"product_cat-creme-corps","8":"product_cat-nettoyant","9":"product_cat-soins-corps","11":"first","12":"instock","13":"shipping-taxable","14":"purchasable","15":"product-type-simple"},"_links":{"self":[{"href":"https:\/\/parashopnarimel.com\/ar\/wp-json\/wp\/v2\/product\/807","targetHints":{"allow":["GET"]}}],"collection":[{"href":"https:\/\/parashopnarimel.com\/ar\/wp-json\/wp\/v2\/product"}],"about":[{"href":"https:\/\/parashopnarimel.com\/ar\/wp-json\/wp\/v2\/types\/product"}],"replies":[{"embeddable":true,"href":"https:\/\/parashopnarimel.com\/ar\/wp-json\/wp\/v2\/comments?post=807"}],"version-history":[{"count":1,"href":"https:\/\/parashopnarimel.com\/ar\/wp-json\/wp\/v2\/product\/807\/revisions"}],"predecessor-version":[{"id":808,"href":"https:\/\/parashopnarimel.com\/ar\/wp-json\/wp\/v2\/product\/807\/revisions\/808"}],"wp:featuredmedia":[{"embeddable":true,"href":"https:\/\/parashopnarimel.com\/ar\/wp-json\/wp\/v2\/media\/809"}],"wp:attachment":[{"href":"https:\/\/parashopnarimel.com\/ar\/wp-json\/wp\/v2\/media?parent=807"}],"wp:term":[{"taxonomy":"product_brand","embeddable":true,"href":"https:\/\/parashopnarimel.com\/ar\/wp-json\/wp\/v2\/product_brand?post=807"},{"taxonomy":"product_cat","embeddable":true,"href":"https:\/\/parashopnarimel.com\/ar\/wp-json\/wp\/v2\/product_cat?post=807"},{"taxonomy":"product_tag","embeddable":true,"href":"https:\/\/parashopnarimel.com\/ar\/wp-json\/wp\/v2\/product_tag?post=807"}],"curies":[{"name":"wp","href":"https:\/\/api.w.org\/{rel}","templated":true}]}}