{"id":811,"date":"2024-12-29T06:16:48","date_gmt":"2024-12-29T06:16:48","guid":{"rendered":"https:\/\/parashopnarimel.com\/?post_type=product&#038;p=811"},"modified":"2025-01-19T10:56:42","modified_gmt":"2025-01-19T10:56:42","slug":"__trashed","status":"publish","type":"product","link":"https:\/\/parashopnarimel.com\/ar\/product\/__trashed\/","title":{"rendered":"PHYSIOLIFT YEUX RIDES, POCHES, CERNES"},"content":{"rendered":"<p>COMBLE LES RIDES ET RETEND LA PEAU DU CONTOUR DE L&rsquo;OEIL. Il b\u00e9n\u00e9ficie de l&rsquo;action compl\u00e9mentaire de l&rsquo;AscofillineTM, des Mono-Oligom\u00e8res d&rsquo;Acide Hyaluronique et du R\u00e9tinald\u00e9hyde : la peau recharg\u00e9e* en collag\u00e8ne et en acide hyaluronique.<\/p>\n<p>ATT\u00c9NUE LES POCHES ET LES CERNES PERSISTANTS, gr\u00e2ce aux effets d\u00e9congestionnants du Sulfate de Dextan.<\/p>\n<p>APAISE\u00a0: riche en Eau thermale d&rsquo;Av\u00e8ne, apaisante et anti-irritante.<\/p>","protected":false},"excerpt":{"rendered":"<h2 class=\"product-capacity\">Doseur airless 15 m<\/h2>\n<p>Comble les rides et retend la peau du contour de l&rsquo;\u0153il. Att\u00e9nue les poches et les cernes persistants.<\/p>","protected":false},"featured_media":812,"comment_status":"open","ping_status":"closed","template":"","meta":[],"product_brand":[],"product_cat":[30],"product_tag":[],"class_list":{"0":"post-811","1":"product","2":"type-product","3":"status-publish","4":"has-post-thumbnail","6":"product_cat-soins-des-yeux","8":"first","9":"instock","10":"shipping-taxable","11":"purchasable","12":"product-type-simple"},"_links":{"self":[{"href":"https:\/\/parashopnarimel.com\/ar\/wp-json\/wp\/v2\/product\/811","targetHints":{"allow":["GET"]}}],"collection":[{"href":"https:\/\/parashopnarimel.com\/ar\/wp-json\/wp\/v2\/product"}],"about":[{"href":"https:\/\/parashopnarimel.com\/ar\/wp-json\/wp\/v2\/types\/product"}],"replies":[{"embeddable":true,"href":"https:\/\/parashopnarimel.com\/ar\/wp-json\/wp\/v2\/comments?post=811"}],"version-history":[{"count":1,"href":"https:\/\/parashopnarimel.com\/ar\/wp-json\/wp\/v2\/product\/811\/revisions"}],"predecessor-version":[{"id":813,"href":"https:\/\/parashopnarimel.com\/ar\/wp-json\/wp\/v2\/product\/811\/revisions\/813"}],"wp:featuredmedia":[{"embeddable":true,"href":"https:\/\/parashopnarimel.com\/ar\/wp-json\/wp\/v2\/media\/812"}],"wp:attachment":[{"href":"https:\/\/parashopnarimel.com\/ar\/wp-json\/wp\/v2\/media?parent=811"}],"wp:term":[{"taxonomy":"product_brand","embeddable":true,"href":"https:\/\/parashopnarimel.com\/ar\/wp-json\/wp\/v2\/product_brand?post=811"},{"taxonomy":"product_cat","embeddable":true,"href":"https:\/\/parashopnarimel.com\/ar\/wp-json\/wp\/v2\/product_cat?post=811"},{"taxonomy":"product_tag","embeddable":true,"href":"https:\/\/parashopnarimel.com\/ar\/wp-json\/wp\/v2\/product_tag?post=811"}],"curies":[{"name":"wp","href":"https:\/\/api.w.org\/{rel}","templated":true}]}}