{"id":8365,"date":"2025-01-06T06:49:46","date_gmt":"2025-01-06T06:49:46","guid":{"rendered":"https:\/\/parashopnarimel.com\/?post_type=product&#038;p=8365"},"modified":"2025-01-31T11:30:07","modified_gmt":"2025-01-31T11:30:07","slug":"nuxe-insta-masque-masque-purifiant-lissant-50ml","status":"publish","type":"product","link":"https:\/\/parashopnarimel.com\/ar\/product\/nuxe-insta-masque-masque-purifiant-lissant-50ml\/","title":{"rendered":"Nuxe Insta-Masque Masque Purifiant + Lissant 50ml"},"content":{"rendered":"<p>Un soin visage express pour une peau parfaite<br \/>\nBoutons, exc\u00e8s de s\u00e9bum, points noirs ou encore teint terne : votre peau fait grise mine et vous souhaitez lui offrir un petit\u00a0coup d\u2019\u00e9clat\u00a0? Pour vous aider \u00e0 retrouver une peau nette, Nuxe a con\u00e7u l\u2019Insta-Masque Purifiant et Lissant, un soin visage 2 en 1 qui \u00e9limine les impuret\u00e9s et att\u00e9nue les imperfections cutan\u00e9es.<br \/>\nEn deux minutes seulement, ce\u00a0masque \u00e0 l\u2019argile blanche\u00a0vous offre un\u00a0nettoyage de peau complet\u00a0et contribue \u00e0 :<\/p>\n<p>nettoyer et purifier la peau en profondeur<br \/>\nr\u00e9duire l\u2019exc\u00e8s de s\u00e9bum et att\u00e9nuer les imperfections (pores dilat\u00e9s, brillances,\u2026)<br \/>\nhydrater et nourrir l\u2019\u00e9piderme<br \/>\nraviver l\u2019\u00e9clat naturel du teint<br \/>\nprocurer une sensation de confort intense et durable<\/p>\n<p>R\u00e9-oxyg\u00e9n\u00e9e, la peau est\u00a0imm\u00e9diatement revitalis\u00e9e\u00a0et resplendissante de beaut\u00e9 et de fraicheur. D\u00e9barrass\u00e9e de toutes les impuret\u00e9s, elle retrouve sa douceur, sa souplesse et son confort. L\u2019\u00e9clat du teint est raviv\u00e9 et le visage est instantan\u00e9ment plus frais et lumineux.<br \/>\nDes actifs naturels pour une efficacit\u00e9 renforc\u00e9e<br \/>\nPour purifier et lisser la peau en douceur, Nuxe a conjugu\u00e9 les meilleurs actifs dans une formule l\u00e9g\u00e8re et ultra-sensorielle :<\/p>\n<p>l\u2019argile blanche\u00a0(Kaolin): riche en silice, cette argile absorbante et purifiante favorise le bon nettoyage de la peau. Apaisante, elle r\u00e9duit les risques d\u2019irritations et de tiraillements des peaux sensibles et r\u00e9actives.<br \/>\nl\u2019eau florale de rose\u00a0: hydratante et antibact\u00e9rienne, elle purifie la peau tout en lui apportant douceur et confort. R\u00e9put\u00e9e pour ses vertus\u00a0anti-\u00e2ge, elle revitalise l\u2019\u00e9piderme et vous offre un\u00a0teint frais\u00a0et resplendissant.<br \/>\nl\u2019acide hyaluronique\u00a0:\u00a0antioxydant, il pr\u00e9serve la peau du vieillissement pr\u00e9matur\u00e9, repulpe le visage et att\u00e9nue les rides et ridules.<\/p>\n<p>Gr\u00e2ce \u00e0 sa formule naturelle, le\u00a0masque\u00a0Nuxe\u00a0Insta-Masque\u00a0convient \u00e0 tous les types de peau, m\u00eames sensibles ou d\u00e9shydrat\u00e9es. Sa texture fraiche et a\u00e9rienne laisse la peau douce et confortable. Son parfum \u00e0 la fois floral, fruit\u00e9 et p\u00e9tillant aux notes de figue et d\u2019ylang-ylang enveloppe la peau et la parfume subtilement.<br \/>\nV\u00e9ritable innovation beaut\u00e9, le\u00a0Masque Purifiant et Lissant Insta-Masque\u00a0de Nuxe vous offre une peau parfaite en deux minutes chrono ! D\u00e9couvrez la gamme\u00a0Insta-Masque au meilleur prix sur Douniapharm.<br \/>\nConseil d\u2019utilisation<br \/>\nUne \u00e0 deux fois par semaine, appliquez une couche g\u00e9n\u00e9reuse d\u2019Insta-Masque sur peau s\u00e8che (non humidifi\u00e9e) sur l\u2019ensemble du visage en \u00e9vitant le contour des yeux. Laissez poser 2 minutes pour faciliter le d\u00e9tachement des cellules mortes. Ensuite, effectuez de petits massages circulaires de l\u2019int\u00e9rieur vers l\u2019ext\u00e9rieur jusqu\u2019\u00e0 transformation en huile. Rincez<br \/>\nPour un\u00a0nettoyage express de la peau, appliquez le soin sous la douche.<br \/>\nComposition<br \/>\nAqua\/Water, Kaolin, Macadamia Integrifolia Seed Oil, Rosa Damascena Flower Water, Cetearyl Alcohol, Glycerin, Butyrospermum Parkii (Shea) Butter, Parfum\/Fragrance, Cetearyl Glucoside, Tocopherol, Benzyl Alcohol, Levulinic Acid, Sodium Stearoyl Glutamate, Sodium Gluconate, Xanthan Gum, Sodium Levulinate, Sodium Hydroxide, Citric Acid, Prunus Amygdalus Dulcis (Sweet Almond) Protein, Dehydroacetic Acid, Phenoxyethanol, Aloe Barbadensis Leaf Juice Powder, Hydrolyzed Hyaluronic Acid, Vaccinium Macrocarpon (Cranberry) Fruit Extract, Pyrus Malus (Apple) Fruit Extract, Linalool, Benzyl Salicylate [N4202\/A].<\/p>","protected":false},"excerpt":{"rendered":"<p>Un masque visage purifiant pour une peau nette et saine<br \/>\nV\u00e9ritable alli\u00e9 des peaux sujettes aux\u00a0imperfections, le\u00a0Masque Purifiant et Lissant Insta-Masque\u00a0de Nuxe nettoie, purifie et lisse la peau en un seul geste. Gr\u00e2ce \u00e0 sa formule riche en argile blanche et en eau florale de rose, ce\u00a0soin visage\u00a0laisse la peau douce, nette et \u00e9clatante de beaut\u00e9 !<\/p>","protected":false},"featured_media":8393,"comment_status":"open","ping_status":"closed","template":"","meta":[],"product_brand":[],"product_cat":[96,2910],"product_tag":[],"class_list":{"0":"post-8365","1":"product","2":"type-product","3":"status-publish","4":"has-post-thumbnail","6":"product_cat-non-classe","7":"product_cat-masques","9":"first","10":"instock","11":"shipping-taxable","12":"purchasable","13":"product-type-simple"},"_links":{"self":[{"href":"https:\/\/parashopnarimel.com\/ar\/wp-json\/wp\/v2\/product\/8365","targetHints":{"allow":["GET"]}}],"collection":[{"href":"https:\/\/parashopnarimel.com\/ar\/wp-json\/wp\/v2\/product"}],"about":[{"href":"https:\/\/parashopnarimel.com\/ar\/wp-json\/wp\/v2\/types\/product"}],"replies":[{"embeddable":true,"href":"https:\/\/parashopnarimel.com\/ar\/wp-json\/wp\/v2\/comments?post=8365"}],"version-history":[{"count":1,"href":"https:\/\/parashopnarimel.com\/ar\/wp-json\/wp\/v2\/product\/8365\/revisions"}],"predecessor-version":[{"id":8394,"href":"https:\/\/parashopnarimel.com\/ar\/wp-json\/wp\/v2\/product\/8365\/revisions\/8394"}],"wp:featuredmedia":[{"embeddable":true,"href":"https:\/\/parashopnarimel.com\/ar\/wp-json\/wp\/v2\/media\/8393"}],"wp:attachment":[{"href":"https:\/\/parashopnarimel.com\/ar\/wp-json\/wp\/v2\/media?parent=8365"}],"wp:term":[{"taxonomy":"product_brand","embeddable":true,"href":"https:\/\/parashopnarimel.com\/ar\/wp-json\/wp\/v2\/product_brand?post=8365"},{"taxonomy":"product_cat","embeddable":true,"href":"https:\/\/parashopnarimel.com\/ar\/wp-json\/wp\/v2\/product_cat?post=8365"},{"taxonomy":"product_tag","embeddable":true,"href":"https:\/\/parashopnarimel.com\/ar\/wp-json\/wp\/v2\/product_tag?post=8365"}],"curies":[{"name":"wp","href":"https:\/\/api.w.org\/{rel}","templated":true}]}}