{"id":8417,"date":"2025-01-06T06:49:59","date_gmt":"2025-01-06T06:49:59","guid":{"rendered":"https:\/\/parashopnarimel.com\/?post_type=product&#038;p=8417"},"modified":"2025-01-19T09:57:27","modified_gmt":"2025-01-19T09:57:27","slug":"skin1004-madagascar-centella-tone-brightening-boosting-toner-210ml","status":"publish","type":"product","link":"https:\/\/parashopnarimel.com\/ar\/product\/skin1004-madagascar-centella-tone-brightening-boosting-toner-210ml\/","title":{"rendered":"SKIN1004 Madagascar Centella Tone Brightening Boosting Toner 210ml"},"content":{"rendered":"<p>Appr\u00e9ciez une hydratation intense gr\u00e2ce \u00e0 un soin visage quotidien. La lotion tonique hydratante rafra\u00eechissante SKIN1004 Madagaskar Centella Tone Brightening Boosting Toner est essentielle pour obtenir une peau douce et souple. Gr\u00e2ce \u00e0 son pouvoir de p\u00e9n\u00e9tration en profondeur, elle apporte hydratation intense et vitalit\u00e9 aux cellules cutan\u00e9es. De plus, elle apaise les irritations et r\u00e9duit le nombre de peaux mortes.<br \/>\nCaract\u00e9ristiques\u00a0:<\/p>\n<p>garantit une hydratation profonde \u00e0 la peau<br \/>\nlaisse la peau douce et souple<br \/>\n\u00e9limine les cellules mortes<br \/>\nillumine et nourrit intens\u00e9ment la peau<br \/>\napaise la peau irrit\u00e9e<\/p>\n<p>Ingr\u00e9dients\u00a0:<\/p>\n<p>extrait de centella asiatica (herbe du tigre) \u2013 hydrate en profondeur et apaise la peau irrit\u00e9e<br \/>\nmad\u00e9cassoside \u2013 illumine la peau, nourrit les cellules cutan\u00e9es<br \/>\nsingreen \u2013 hydrate la peau, \u00e9limine les cellules cutan\u00e9es mortes<\/p>\n<p>Conseils d\u2019utilisation<br \/>\nD\u00e9posez une quantit\u00e9 suffisante de lotion tonique SKIN1004 Madagaskar Centella Tone Brightening Boosting Toner sur un coton d\u00e9maquillant ou dans votre paume. Pour obtenir l\u2019effet d\u00e9sir\u00e9, appliquez le produit en tapotant d\u00e9licatement du bout des doigts.<br \/>\nComposition<br \/>\nListe compl\u00e8te des ingr\u00e9dients<\/p>\n<p>AQUA, 1,2-HEXANEDIOL, NIACINAMIDE, PENTYLENE GLYCOL, BUTYLENE GLYCOL, GLYCERIN, PROPANEDIOL, CENTELLA ASIATICA EXTRACT, XANTHAN GUM, PANTHENOL, ALLANTOIN, BETAINE, ETHYLHEXYLGLYCERIN, XYLITYLGLUCOSIDE, ANHYDROXYLITOL, DISODIUM EDTA, XYLITOL, MADECASSOSIDE, GLUCOSE, CARICA PAPAYA (PAPAYA) FRUIT EXTRACT, PYRUS MALUS (APPLE) FRUIT EXTRACT, PRUNUS MUME FRUIT EXTRACT, VITIS VINIFERA (GRAPE) FRUIT EXTRACT, 3-O-ETHYL ASCORBIC ACID, CAPRYLIC\/CAPRIC TRIGLYCERIDE<br \/>\nLe fabricant est responsable des ingr\u00e9dients du produit. Nous vous recommandons de v\u00e9rifier la liste des ingr\u00e9dients du produit directement sur son emballage en raison de changements potentiels.<\/p>","protected":false},"excerpt":{"rendered":"<p>Appr\u00e9ciez une hydratation intense gr\u00e2ce \u00e0 un soin visage quotidien. La lotion tonique hydratante rafra\u00eechissante SKIN1004 Madagaskar Centella Tone Brightening Boosting Toner est essentielle pour obtenir une peau douce et souple. Gr\u00e2ce \u00e0 son pouvoir de p\u00e9n\u00e9tration en profondeur, elle apporte hydratation intense et vitalit\u00e9 aux cellules cutan\u00e9es. De plus, elle apaise les irritations et r\u00e9duit le nombre de peaux mortes.<\/p>","protected":false},"featured_media":8445,"comment_status":"open","ping_status":"closed","template":"","meta":[],"product_brand":[],"product_cat":[96,2905],"product_tag":[],"class_list":{"0":"post-8417","1":"product","2":"type-product","3":"status-publish","4":"has-post-thumbnail","6":"product_cat-non-classe","7":"product_cat-lotion","9":"first","10":"instock","11":"shipping-taxable","12":"purchasable","13":"product-type-simple"},"_links":{"self":[{"href":"https:\/\/parashopnarimel.com\/ar\/wp-json\/wp\/v2\/product\/8417","targetHints":{"allow":["GET"]}}],"collection":[{"href":"https:\/\/parashopnarimel.com\/ar\/wp-json\/wp\/v2\/product"}],"about":[{"href":"https:\/\/parashopnarimel.com\/ar\/wp-json\/wp\/v2\/types\/product"}],"replies":[{"embeddable":true,"href":"https:\/\/parashopnarimel.com\/ar\/wp-json\/wp\/v2\/comments?post=8417"}],"version-history":[{"count":2,"href":"https:\/\/parashopnarimel.com\/ar\/wp-json\/wp\/v2\/product\/8417\/revisions"}],"predecessor-version":[{"id":11928,"href":"https:\/\/parashopnarimel.com\/ar\/wp-json\/wp\/v2\/product\/8417\/revisions\/11928"}],"wp:featuredmedia":[{"embeddable":true,"href":"https:\/\/parashopnarimel.com\/ar\/wp-json\/wp\/v2\/media\/8445"}],"wp:attachment":[{"href":"https:\/\/parashopnarimel.com\/ar\/wp-json\/wp\/v2\/media?parent=8417"}],"wp:term":[{"taxonomy":"product_brand","embeddable":true,"href":"https:\/\/parashopnarimel.com\/ar\/wp-json\/wp\/v2\/product_brand?post=8417"},{"taxonomy":"product_cat","embeddable":true,"href":"https:\/\/parashopnarimel.com\/ar\/wp-json\/wp\/v2\/product_cat?post=8417"},{"taxonomy":"product_tag","embeddable":true,"href":"https:\/\/parashopnarimel.com\/ar\/wp-json\/wp\/v2\/product_tag?post=8417"}],"curies":[{"name":"wp","href":"https:\/\/api.w.org\/{rel}","templated":true}]}}