{"id":8441,"date":"2025-01-06T06:50:00","date_gmt":"2025-01-06T06:50:00","guid":{"rendered":"https:\/\/parashopnarimel.com\/?post_type=product&#038;p=8441"},"modified":"2025-01-19T09:56:50","modified_gmt":"2025-01-19T09:56:50","slug":"skin1004-madagascar-centella-hyalu-cica-water-fit-sun-serum-spf50","status":"publish","type":"product","link":"https:\/\/parashopnarimel.com\/ar\/product\/skin1004-madagascar-centella-hyalu-cica-water-fit-sun-serum-spf50\/","title":{"rendered":"SKIN1004 Madagascar Centella Hyalu-Cica Water-Fit Sun Serum Spf50+"},"content":{"rendered":"<p>A la recherche d\u2019un soin complet en un seul geste\u00a0? Combinant les bienfaits d\u2019une cr\u00e8me hydratante et la performance d\u2019une base et d\u2019un \u00e9cran solaire, le s\u00e9rum hydratant Skin1004 Hyalu-Cica Water Fit Sun Serum hydrate la peau tout en lui offrant une protection solaire quotidienne. Sa texture qui ressemble \u00e0 une lotion s\u2019\u00e9tale facilement avant de se transformer en un fini satin\u00e9, ne laissant pas de film gras. Confortable et doux comme du velours, cet \u00e9cran solaire hydratant est aussi id\u00e9al comme base de maquillage qui permet de lisser le grain de la peau et de diminuer l\u2019apparence des pores.<br \/>\nCaract\u00e9ristiques :<\/p>\n<p>offre une protection solaire compl\u00e8te<br \/>\nhydrate intens\u00e9ment la peau<br \/>\nlisse la texture de la peau et les ridules<br \/>\ns\u2019\u00e9tale facilement et se fixe automatiquement en un fini satin\u00e9<br \/>\nne laisse pas de sensation grasse ou collante sur la peau<br \/>\ndonne \u00e0 la peau un aspect sain et radieux<br \/>\nid\u00e9al pour les peaux s\u00e8ches et d\u00e9shydrat\u00e9es<br \/>\nn\u2019irrite pas la peau et ne la dess\u00e8che pas \u00e0 la fin de la journ\u00e9e<br \/>\npeut \u00eatre utilis\u00e9 comme base de maquillage<\/p>\n<p>Ingr\u00e9dients :<\/p>\n<p>extraits de Centella Asiatica et de th\u00e9 vert<br \/>\nniacinamide + ad\u00e9nosine<br \/>\nvitamine E<br \/>\nSPF50+\/PA++++ (le filtre hybride Tinosorb M)<br \/>\nsans alcool, sans fragrance, ni huiles essentielles<\/p>\n<p>Conseils d\u2019utilisation<br \/>\nAppliquez g\u00e9n\u00e9reusement sur l\u2019ensemble du visage. Attendez 10 \u00e0 15 minutes avant de poursuivre son maquillage.<\/p>","protected":false},"excerpt":{"rendered":"<p>A la recherche d\u2019un soin complet en un seul geste\u00a0? Combinant les bienfaits d\u2019une cr\u00e8me hydratante et la performance d\u2019une<\/p>","protected":false},"featured_media":8471,"comment_status":"open","ping_status":"closed","template":"","meta":[],"product_brand":[],"product_cat":[96,147],"product_tag":[],"class_list":{"0":"post-8441","1":"product","2":"type-product","3":"status-publish","4":"has-post-thumbnail","6":"product_cat-non-classe","7":"product_cat-protection-solaire-visage","9":"first","10":"instock","11":"shipping-taxable","12":"purchasable","13":"product-type-simple"},"_links":{"self":[{"href":"https:\/\/parashopnarimel.com\/ar\/wp-json\/wp\/v2\/product\/8441","targetHints":{"allow":["GET"]}}],"collection":[{"href":"https:\/\/parashopnarimel.com\/ar\/wp-json\/wp\/v2\/product"}],"about":[{"href":"https:\/\/parashopnarimel.com\/ar\/wp-json\/wp\/v2\/types\/product"}],"replies":[{"embeddable":true,"href":"https:\/\/parashopnarimel.com\/ar\/wp-json\/wp\/v2\/comments?post=8441"}],"version-history":[{"count":2,"href":"https:\/\/parashopnarimel.com\/ar\/wp-json\/wp\/v2\/product\/8441\/revisions"}],"predecessor-version":[{"id":11927,"href":"https:\/\/parashopnarimel.com\/ar\/wp-json\/wp\/v2\/product\/8441\/revisions\/11927"}],"wp:featuredmedia":[{"embeddable":true,"href":"https:\/\/parashopnarimel.com\/ar\/wp-json\/wp\/v2\/media\/8471"}],"wp:attachment":[{"href":"https:\/\/parashopnarimel.com\/ar\/wp-json\/wp\/v2\/media?parent=8441"}],"wp:term":[{"taxonomy":"product_brand","embeddable":true,"href":"https:\/\/parashopnarimel.com\/ar\/wp-json\/wp\/v2\/product_brand?post=8441"},{"taxonomy":"product_cat","embeddable":true,"href":"https:\/\/parashopnarimel.com\/ar\/wp-json\/wp\/v2\/product_cat?post=8441"},{"taxonomy":"product_tag","embeddable":true,"href":"https:\/\/parashopnarimel.com\/ar\/wp-json\/wp\/v2\/product_tag?post=8441"}],"curies":[{"name":"wp","href":"https:\/\/api.w.org\/{rel}","templated":true}]}}