{"id":8491,"date":"2025-01-06T06:50:22","date_gmt":"2025-01-06T06:50:22","guid":{"rendered":"https:\/\/parashopnarimel.com\/?post_type=product&#038;p=8491"},"modified":"2025-01-19T09:56:20","modified_gmt":"2025-01-19T09:56:20","slug":"nhco-nutrition-effluvium-croissance-vitalite-du-cheveu-168-gelules","status":"publish","type":"product","link":"https:\/\/parashopnarimel.com\/ar\/product\/nhco-nutrition-effluvium-croissance-vitalite-du-cheveu-168-gelules\/","title":{"rendered":"Nhco Nutrition Effluvium Croissance Vitalite Du Cheveu 168 g\u00e9lules"},"content":{"rendered":"<p>NHCO<br \/>\nCroissance, vitalit\u00e9 du cheveu<br \/>\n20 actifs sont concentr\u00e9s dans une formule unique, notamment la L-Arginine,<br \/>\nune association de pr\u00eale et d\u2019Eruca sativa qui stimule le bulbe capillaire favorisant la croissance des cheveux,<br \/>\ndes acides amin\u00e9s constitutifs des fibres de k\u00e9ratine<br \/>\net du Cuivre qui contribue \u00e0 la pigmentation normale des cheveux, favorisant leur brillance<br \/>\nCompl\u00e9ment alimentaire<br \/>\n168 g\u00e9lules<br \/>\n20 actifs sont concentr\u00e9s dans une formule unique, notamment la L-Arginine, une association de pr\u00eale et d\u2019Eruca sativa qui\u00a0stimule le bulbe capillaire favorisant la croissance des cheveux, des acides amin\u00e9s constitutifs des\u00a0fibres de k\u00e9ratine\u00a0et du Cuivre qui contribue \u00e0 la pigmentation normale des cheveux,\u00a0favorisant leur brillance.<br \/>\nLa normalisation de la croissance, de l\u2019\u00e9paisseur et de la force du cheveu d\u00e9pend de la bonne sant\u00e9 du follicule pilo-s\u00e9bac\u00e9, si\u00e8ge de la partie vivante du cheveu.<br \/>\nUne chute de cheveux, occasionnelle ou continue, ou un cuir chevelu clairsem\u00e9, sont souvent dus \u00e0 un d\u00e9r\u00e8glement de l\u2019apport en nutriments.<br \/>\nGr\u00e2ce \u00e0 leurs connaissances en biologie et notamment dans le domaine des acides amin\u00e9s, les Laboratoires NHCO Nutrition\u00ae ont \u00e9labor\u00e9 EFFLUVIUM\u2122, une formule qui concentre 20 actifs intervenant \u00e0 diff\u00e9rents niveaux.<br \/>\n\u2013 Croissance : le complexe Anap GH\u2122 est compos\u00e9 d\u2019Arginine, un acide amin\u00e9, et d\u2019une association d\u2019Eruca Sativa avec de la pr\u00eale qui stimule le bulbe capillaire favorisant ainsi la croissance du cheveu. Le complexe Choline 3BF\u2122 apporte des nutriments essentiels notamment des vitamines et du Fer.<br \/>\n\u2013 Densit\u00e9 : le complexe CMS-K\u00e9ratine et la L-Cyst\u00e9ine apportent des acides amin\u00e9s constitutifs de chaque fibre prot\u00e9ique de k\u00e9ratine, contribuant ainsi \u00e0 la densit\u00e9 capillaire.<br \/>\n\u2013 Soin : le complexe 5\u03b1-Lyso-Zinc\u2122 contient du Zinc participant au maintien de cheveux normaux.<br \/>\n\u2013 Beaut\u00e9 : le Cuivre Amino-ch\u00e9lat\u00e9\u2122 et la vitamine E naturelle contribuent \u00e0 prot\u00e9ger les cellules contre le stress oxydatif, le Cuivre participe \u00e9galement \u00e0 la pigmentation normale des cheveux, favorisant ainsi leur brillance et leur beaut\u00e9.<br \/>\nLABORATOIRE NHCO Nutrition<br \/>\n400, avenue Roumanille \u2013 BP 309<br \/>\n06906 Sophia-Antipolis Cedex \u2013 France<\/p>\n<p>Conseils d\u2019utilisation<br \/>\nPhase d\u2019attaque de 14 jours : 2 g\u00e9lules matin + 2 g\u00e9lules soir.<br \/>\nPhase de suivi 56 jours : 2 g\u00e9lules soir.<br \/>\n10 semaines<\/p>","protected":false},"excerpt":{"rendered":"<p>NHCO Croissance, vitalit\u00e9 du cheveu 20 actifs sont concentr\u00e9s dans une formule unique, notamment la L-Arginine, une association de pr\u00eale<\/p>","protected":false},"featured_media":8513,"comment_status":"open","ping_status":"closed","template":"","meta":[],"product_brand":[],"product_cat":[96,2922,2890],"product_tag":[],"class_list":{"0":"post-8491","1":"product","2":"type-product","3":"status-publish","4":"has-post-thumbnail","6":"product_cat-non-classe","7":"product_cat-complements","8":"product_cat-complements-alimentaires","10":"first","11":"instock","12":"shipping-taxable","13":"purchasable","14":"product-type-simple"},"_links":{"self":[{"href":"https:\/\/parashopnarimel.com\/ar\/wp-json\/wp\/v2\/product\/8491","targetHints":{"allow":["GET"]}}],"collection":[{"href":"https:\/\/parashopnarimel.com\/ar\/wp-json\/wp\/v2\/product"}],"about":[{"href":"https:\/\/parashopnarimel.com\/ar\/wp-json\/wp\/v2\/types\/product"}],"replies":[{"embeddable":true,"href":"https:\/\/parashopnarimel.com\/ar\/wp-json\/wp\/v2\/comments?post=8491"}],"version-history":[{"count":2,"href":"https:\/\/parashopnarimel.com\/ar\/wp-json\/wp\/v2\/product\/8491\/revisions"}],"predecessor-version":[{"id":12002,"href":"https:\/\/parashopnarimel.com\/ar\/wp-json\/wp\/v2\/product\/8491\/revisions\/12002"}],"wp:featuredmedia":[{"embeddable":true,"href":"https:\/\/parashopnarimel.com\/ar\/wp-json\/wp\/v2\/media\/8513"}],"wp:attachment":[{"href":"https:\/\/parashopnarimel.com\/ar\/wp-json\/wp\/v2\/media?parent=8491"}],"wp:term":[{"taxonomy":"product_brand","embeddable":true,"href":"https:\/\/parashopnarimel.com\/ar\/wp-json\/wp\/v2\/product_brand?post=8491"},{"taxonomy":"product_cat","embeddable":true,"href":"https:\/\/parashopnarimel.com\/ar\/wp-json\/wp\/v2\/product_cat?post=8491"},{"taxonomy":"product_tag","embeddable":true,"href":"https:\/\/parashopnarimel.com\/ar\/wp-json\/wp\/v2\/product_tag?post=8491"}],"curies":[{"name":"wp","href":"https:\/\/api.w.org\/{rel}","templated":true}]}}