{"id":8601,"date":"2025-01-06T06:51:02","date_gmt":"2025-01-06T06:51:02","guid":{"rendered":"https:\/\/parashopnarimel.com\/?post_type=product&#038;p=8601"},"modified":"2025-01-19T09:55:45","modified_gmt":"2025-01-19T09:55:45","slug":"some-by-mi-aha-bha-pha-30-days-miracle-toner-150ml","status":"publish","type":"product","link":"https:\/\/parashopnarimel.com\/ar\/product\/some-by-mi-aha-bha-pha-30-days-miracle-toner-150ml\/","title":{"rendered":"SOME BY MI Aha Bha Pha 30 Days Miracle Toner 150ml"},"content":{"rendered":"<p>Un favori dans l\u2019aper\u00e7u des cosm\u00e9tiques cor\u00e9ens, une bouteille de ce toner multit\u00e2che est vendue toutes les trois secondes\u00a0!<br \/>\nLa formule contient trois types d\u2019exfoliants chimiques (AHA, BHA et PHA) ainsi que des extraits de papaye et d\u2019hamam\u00e9lis pour augmenter efficacement le renouvellement cellulaire et garder la peau lisse et saine.\u00a0Une concentration \u00e9lev\u00e9e d\u2019extrait d\u2019eau d\u2019arbre \u00e0 th\u00e9 unifie le teint et apaise l\u2019inflammation, tandis que l\u2019ad\u00e9nosine et la niacinamide r\u00e9duisent les rides et illuminent la peau.<br \/>\nMalgr\u00e9 ses ingr\u00e9dients puissants, le toner est test\u00e9 dermatologiquement et convient aux peaux sensibles.<br \/>\npH optimal de 5,5.<br \/>\nLa formule est exempte de parfums et colorants artificiels, de parab\u00e8nes, de sulfates, d\u2019alcool, d\u2019huile min\u00e9rale et de silicone.<br \/>\nConseils d\u2019utilisation<br \/>\nApr\u00e8s le nettoyage, imbibez un coton de tonique et passez-le d\u00e9licatement sur la peau.\u00a0Tamponnez jusqu\u2019\u00e0 absorption.<\/p>","protected":false},"excerpt":{"rendered":"<p>Un favori dans l\u2019aper\u00e7u des cosm\u00e9tiques cor\u00e9ens, une bouteille de ce toner multit\u00e2che est vendue toutes les trois secondes\u00a0! La<\/p>","protected":false},"featured_media":8631,"comment_status":"open","ping_status":"closed","template":"","meta":[],"product_brand":[],"product_cat":[96,2905],"product_tag":[],"class_list":{"0":"post-8601","1":"product","2":"type-product","3":"status-publish","4":"has-post-thumbnail","6":"product_cat-non-classe","7":"product_cat-lotion","9":"first","10":"instock","11":"shipping-taxable","12":"purchasable","13":"product-type-simple"},"_links":{"self":[{"href":"https:\/\/parashopnarimel.com\/ar\/wp-json\/wp\/v2\/product\/8601","targetHints":{"allow":["GET"]}}],"collection":[{"href":"https:\/\/parashopnarimel.com\/ar\/wp-json\/wp\/v2\/product"}],"about":[{"href":"https:\/\/parashopnarimel.com\/ar\/wp-json\/wp\/v2\/types\/product"}],"replies":[{"embeddable":true,"href":"https:\/\/parashopnarimel.com\/ar\/wp-json\/wp\/v2\/comments?post=8601"}],"version-history":[{"count":2,"href":"https:\/\/parashopnarimel.com\/ar\/wp-json\/wp\/v2\/product\/8601\/revisions"}],"predecessor-version":[{"id":11933,"href":"https:\/\/parashopnarimel.com\/ar\/wp-json\/wp\/v2\/product\/8601\/revisions\/11933"}],"wp:featuredmedia":[{"embeddable":true,"href":"https:\/\/parashopnarimel.com\/ar\/wp-json\/wp\/v2\/media\/8631"}],"wp:attachment":[{"href":"https:\/\/parashopnarimel.com\/ar\/wp-json\/wp\/v2\/media?parent=8601"}],"wp:term":[{"taxonomy":"product_brand","embeddable":true,"href":"https:\/\/parashopnarimel.com\/ar\/wp-json\/wp\/v2\/product_brand?post=8601"},{"taxonomy":"product_cat","embeddable":true,"href":"https:\/\/parashopnarimel.com\/ar\/wp-json\/wp\/v2\/product_cat?post=8601"},{"taxonomy":"product_tag","embeddable":true,"href":"https:\/\/parashopnarimel.com\/ar\/wp-json\/wp\/v2\/product_tag?post=8601"}],"curies":[{"name":"wp","href":"https:\/\/api.w.org\/{rel}","templated":true}]}}