{"id":865,"date":"2024-12-29T06:18:23","date_gmt":"2024-12-29T06:18:23","guid":{"rendered":"https:\/\/parashopnarimel.com\/?post_type=product&#038;p=865"},"modified":"2025-01-26T04:47:01","modified_gmt":"2025-01-26T04:47:01","slug":"touche-shampoing-fortifiant-et-anti-chute","status":"publish","type":"product","link":"https:\/\/parashopnarimel.com\/ar\/product\/touche-shampoing-fortifiant-et-anti-chute\/","title":{"rendered":"touch\u00e9 Shampoing fortifiant et Anti Chute"},"content":{"rendered":"<p>Shampoing Fortifiant et Anti-chute riche en K\u00e9ratine.<br \/>\nPour des cheveux renforc\u00e9s et denses.<\/p>\n<p>R\u00e9duit la chute de cheveux de 89%<\/p>\n<p>+5689 cheveux en phase de croissance.<\/p>\n<p>Renforce et densifie les cheveux.<\/p>\n<p>Sans Silicone, Sans Paraben, Sans Sulfate.<br \/>\nBienfaits<\/p>\n<p>Purification du Cuir Chevelu\u00a0: Les propri\u00e9t\u00e9s antibact\u00e9riennes et antifongiques des huiles essentielles purifient le cuir chevelu, r\u00e9duisant les infections et les pellicules.<br \/>\nStimulation de la Circulation Sanguine\u00a0: Les huiles comme le romarin et l\u2019eucalyptus am\u00e9liorent la circulation sanguine du cuir chevelu, favorisant une croissance capillaire plus vigoureuse.<br \/>\n\u00c9quilibre de la Production de S\u00e9bum\u00a0: Les huiles essentielles telles que la sauge et le zeste de citron \u00e9quilibrent la production de s\u00e9bum, pr\u00e9venant l\u2019exc\u00e8s de gras ou la s\u00e9cheresse.<br \/>\nR\u00e9duction du Stress et des Inflammations\u00a0: La lavande et le tea tree apaisent le cuir chevelu, r\u00e9duisant les irritations et le stress, facteurs souvent li\u00e9s \u00e0 la chute des cheveux.<br \/>\nNourrissement en Profondeur\u00a0: L\u2019huile d\u2019amande douce et l\u2019huile de ricin hydratent et nourrissent intens\u00e9ment les follicules pileux, renfor\u00e7ant les cheveux.<br \/>\nRenforcement de la Structure Capillaire\u00a0: La k\u00e9ratine renforce la structure des cheveux, les rendant plus r\u00e9sistants \u00e0 la casse et aux dommages.<br \/>\nR\u00e9paration des Cheveux Ab\u00eem\u00e9s\u00a0: La k\u00e9ratine comble les fissures et r\u00e9pare les pointes fourchues, am\u00e9liorant l\u2019apparence et la sant\u00e9 des cheveux.<br \/>\nHydratation et Protection\u00a0: La k\u00e9ratine et les huiles hydratent les cheveux, les gardant doux, souples et prot\u00e9g\u00e9s des agressions environnementales.<br \/>\nPr\u00e9vention de la Chute des Cheveux\u00a0: En am\u00e9liorant la sant\u00e9 globale des cheveux et en r\u00e9duisant la casse, ce shampoing contribue \u00e0 pr\u00e9venir la chute des cheveux.<\/p>\n<p>Croissance Capillaire\u00a0: Les ingr\u00e9dients stimulent et soutiennent la croissance des cheveux, leur permettant de pousser plus longtemps et plus \u00e9pais.<\/p>","protected":false},"excerpt":{"rendered":"<p>Shampoing Fortifiant et Anti-chute riche en K\u00e9ratine.<br \/>\nPour des cheveux renforc\u00e9s et denses.<\/p>\n<p>R\u00e9duit la chute de cheveux de 89%<\/p>\n<p>+5689 cheveux en phase de croissance.<\/p>\n<p>Renforce et densifie les cheveux.<\/p>\n<p>Sans Silicone, Sans Paraben, Sans Sulfate.<\/p>","protected":false},"featured_media":896,"comment_status":"open","ping_status":"closed","template":"","meta":[],"product_brand":[],"product_cat":[96,1361],"product_tag":[],"class_list":{"0":"post-865","1":"product","2":"type-product","3":"status-publish","4":"has-post-thumbnail","6":"product_cat-non-classe","7":"product_cat-shampoings-pellicules-anti-chute","9":"first","10":"instock","11":"shipping-taxable","12":"purchasable","13":"product-type-simple"},"_links":{"self":[{"href":"https:\/\/parashopnarimel.com\/ar\/wp-json\/wp\/v2\/product\/865","targetHints":{"allow":["GET"]}}],"collection":[{"href":"https:\/\/parashopnarimel.com\/ar\/wp-json\/wp\/v2\/product"}],"about":[{"href":"https:\/\/parashopnarimel.com\/ar\/wp-json\/wp\/v2\/types\/product"}],"replies":[{"embeddable":true,"href":"https:\/\/parashopnarimel.com\/ar\/wp-json\/wp\/v2\/comments?post=865"}],"version-history":[{"count":2,"href":"https:\/\/parashopnarimel.com\/ar\/wp-json\/wp\/v2\/product\/865\/revisions"}],"predecessor-version":[{"id":8315,"href":"https:\/\/parashopnarimel.com\/ar\/wp-json\/wp\/v2\/product\/865\/revisions\/8315"}],"wp:featuredmedia":[{"embeddable":true,"href":"https:\/\/parashopnarimel.com\/ar\/wp-json\/wp\/v2\/media\/896"}],"wp:attachment":[{"href":"https:\/\/parashopnarimel.com\/ar\/wp-json\/wp\/v2\/media?parent=865"}],"wp:term":[{"taxonomy":"product_brand","embeddable":true,"href":"https:\/\/parashopnarimel.com\/ar\/wp-json\/wp\/v2\/product_brand?post=865"},{"taxonomy":"product_cat","embeddable":true,"href":"https:\/\/parashopnarimel.com\/ar\/wp-json\/wp\/v2\/product_cat?post=865"},{"taxonomy":"product_tag","embeddable":true,"href":"https:\/\/parashopnarimel.com\/ar\/wp-json\/wp\/v2\/product_tag?post=865"}],"curies":[{"name":"wp","href":"https:\/\/api.w.org\/{rel}","templated":true}]}}