{"id":866,"date":"2024-12-29T06:18:23","date_gmt":"2024-12-29T06:18:23","guid":{"rendered":"https:\/\/parashopnarimel.com\/?post_type=product&#038;p=866"},"modified":"2025-01-19T10:56:10","modified_gmt":"2025-01-19T10:56:10","slug":"bionnex-whitexpert-creme-contour-des-yeux","status":"publish","type":"product","link":"https:\/\/parashopnarimel.com\/ar\/product\/bionnex-whitexpert-creme-contour-des-yeux\/","title":{"rendered":"Bionnex Whitexpert Creme Contour Des Yeux"},"content":{"rendered":"<p>Une formule riche en extrait de th\u00e9 vert et en vitamine E pour une hydratation et une protection antioxydante optimales. Sa texture apaisante r\u00e9duit visiblement la densit\u00e9 des rides tout en apportant un \u00e9clat naturel \u00e0 la peau gr\u00e2ce \u00e0 l\u2019extrait d\u2019Inonotus obliquus<\/p>","protected":false},"excerpt":{"rendered":"<p>Une formule riche en extrait de th\u00e9 vert et en vitamine E pour une hydratation et une protection antioxydante optimales. Sa texture apaisante r\u00e9duit visiblement la densit\u00e9 des rides tout en apportant un \u00e9clat naturel \u00e0 la peau gr\u00e2ce \u00e0 l\u2019extrait d\u2019Inonotus obliquus<\/p>","protected":false},"featured_media":898,"comment_status":"open","ping_status":"closed","template":"","meta":[],"product_brand":[],"product_cat":[96,30],"product_tag":[],"class_list":{"0":"post-866","1":"product","2":"type-product","3":"status-publish","4":"has-post-thumbnail","6":"product_cat-non-classe","7":"product_cat-soins-des-yeux","9":"first","10":"instock","11":"shipping-taxable","12":"purchasable","13":"product-type-simple"},"_links":{"self":[{"href":"https:\/\/parashopnarimel.com\/ar\/wp-json\/wp\/v2\/product\/866","targetHints":{"allow":["GET"]}}],"collection":[{"href":"https:\/\/parashopnarimel.com\/ar\/wp-json\/wp\/v2\/product"}],"about":[{"href":"https:\/\/parashopnarimel.com\/ar\/wp-json\/wp\/v2\/types\/product"}],"replies":[{"embeddable":true,"href":"https:\/\/parashopnarimel.com\/ar\/wp-json\/wp\/v2\/comments?post=866"}],"version-history":[{"count":1,"href":"https:\/\/parashopnarimel.com\/ar\/wp-json\/wp\/v2\/product\/866\/revisions"}],"predecessor-version":[{"id":899,"href":"https:\/\/parashopnarimel.com\/ar\/wp-json\/wp\/v2\/product\/866\/revisions\/899"}],"wp:featuredmedia":[{"embeddable":true,"href":"https:\/\/parashopnarimel.com\/ar\/wp-json\/wp\/v2\/media\/898"}],"wp:attachment":[{"href":"https:\/\/parashopnarimel.com\/ar\/wp-json\/wp\/v2\/media?parent=866"}],"wp:term":[{"taxonomy":"product_brand","embeddable":true,"href":"https:\/\/parashopnarimel.com\/ar\/wp-json\/wp\/v2\/product_brand?post=866"},{"taxonomy":"product_cat","embeddable":true,"href":"https:\/\/parashopnarimel.com\/ar\/wp-json\/wp\/v2\/product_cat?post=866"},{"taxonomy":"product_tag","embeddable":true,"href":"https:\/\/parashopnarimel.com\/ar\/wp-json\/wp\/v2\/product_tag?post=866"}],"curies":[{"name":"wp","href":"https:\/\/api.w.org\/{rel}","templated":true}]}}