{"id":867,"date":"2024-12-29T06:18:23","date_gmt":"2024-12-29T06:18:23","guid":{"rendered":"https:\/\/parashopnarimel.com\/?post_type=product&#038;p=867"},"modified":"2025-01-19T10:56:22","modified_gmt":"2025-01-19T10:56:22","slug":"touche-anti-acne","status":"publish","type":"product","link":"https:\/\/parashopnarimel.com\/ar\/product\/touche-anti-acne\/","title":{"rendered":"touch\u00e9 Anti Acn\u00e9"},"content":{"rendered":"<p>S\u00e9rum anti-acn\u00e9 \u00e0 l\u2019huile de figue de barbarie et \u00e0 l\u2019huile de tea tree.<br \/>\nPr\u00e9serve la peau de l\u2019acn\u00e9.<\/p>\n<p>\u00c9limine les boutons d\u2019acn\u00e9<\/p>\n<p>Aide \u00e0 la cicatrisation<\/p>\n<p>R\u00e9gule la production de s\u00e9bum<\/p>","protected":false},"excerpt":{"rendered":"<p>S\u00e9rum anti-acn\u00e9 \u00e0 l\u2019huile de figue de barbarie et \u00e0 l\u2019huile de tea tree.<br \/>\nPr\u00e9serve la peau de l\u2019acn\u00e9.<\/p>\n<p>\u00c9limine les boutons d\u2019acn\u00e9<\/p>\n<p>Aide \u00e0 la cicatrisation<\/p>\n<p>R\u00e9gule la production de s\u00e9bum<\/p>","protected":false},"featured_media":900,"comment_status":"open","ping_status":"closed","template":"","meta":[],"product_brand":[],"product_cat":[96,2906],"product_tag":[],"class_list":{"0":"post-867","1":"product","2":"type-product","3":"status-publish","4":"has-post-thumbnail","6":"product_cat-non-classe","7":"product_cat-serums","9":"first","10":"instock","11":"shipping-taxable","12":"purchasable","13":"product-type-simple"},"_links":{"self":[{"href":"https:\/\/parashopnarimel.com\/ar\/wp-json\/wp\/v2\/product\/867","targetHints":{"allow":["GET"]}}],"collection":[{"href":"https:\/\/parashopnarimel.com\/ar\/wp-json\/wp\/v2\/product"}],"about":[{"href":"https:\/\/parashopnarimel.com\/ar\/wp-json\/wp\/v2\/types\/product"}],"replies":[{"embeddable":true,"href":"https:\/\/parashopnarimel.com\/ar\/wp-json\/wp\/v2\/comments?post=867"}],"version-history":[{"count":2,"href":"https:\/\/parashopnarimel.com\/ar\/wp-json\/wp\/v2\/product\/867\/revisions"}],"predecessor-version":[{"id":4599,"href":"https:\/\/parashopnarimel.com\/ar\/wp-json\/wp\/v2\/product\/867\/revisions\/4599"}],"wp:featuredmedia":[{"embeddable":true,"href":"https:\/\/parashopnarimel.com\/ar\/wp-json\/wp\/v2\/media\/900"}],"wp:attachment":[{"href":"https:\/\/parashopnarimel.com\/ar\/wp-json\/wp\/v2\/media?parent=867"}],"wp:term":[{"taxonomy":"product_brand","embeddable":true,"href":"https:\/\/parashopnarimel.com\/ar\/wp-json\/wp\/v2\/product_brand?post=867"},{"taxonomy":"product_cat","embeddable":true,"href":"https:\/\/parashopnarimel.com\/ar\/wp-json\/wp\/v2\/product_cat?post=867"},{"taxonomy":"product_tag","embeddable":true,"href":"https:\/\/parashopnarimel.com\/ar\/wp-json\/wp\/v2\/product_tag?post=867"}],"curies":[{"name":"wp","href":"https:\/\/api.w.org\/{rel}","templated":true}]}}