{"id":871,"date":"2024-12-29T06:18:24","date_gmt":"2024-12-29T06:18:24","guid":{"rendered":"https:\/\/parashopnarimel.com\/?post_type=product&#038;p=871"},"modified":"2025-01-19T10:53:13","modified_gmt":"2025-01-19T10:53:13","slug":"touche-vitamine-c-11","status":"publish","type":"product","link":"https:\/\/parashopnarimel.com\/ar\/product\/touche-vitamine-c-11\/","title":{"rendered":"touch\u00e9 Vitamine C 11%"},"content":{"rendered":"<p>Redonne \u00e9clat et lumi\u00e8re aux teintx ternes et pr\u00e9serve l\u2019\u00e9lasticit\u00e9 et la fermet\u00e9 de la peau.<\/p>\n<p>Illumine le teint, offrant une peau radieuse et unifi\u00e9e.<\/p>\n<p>R\u00e9duction des Taches Brunes<\/p>\n<p>Stimulation de la Production de Collag\u00e8ne<\/p>\n<p>\u00c9clat du Teint<br \/>\nLa vitamine C illumine le teint, offrant une peau radieuse et unifi\u00e9e.<br \/>\nR\u00e9duction des Taches Brunes<br \/>\nElle aide \u00e0 att\u00e9nuer les taches brunes et les irr\u00e9gularit\u00e9s de pigmentation pour un teint plus homog\u00e8ne.<br \/>\nProtection Antioxydante<br \/>\nElle prot\u00e8ge la peau contre les dommages caus\u00e9s par les radicaux libres et les agressions environnementales.<br \/>\nStimulation de la Production de Collag\u00e8ne<br \/>\nLa vitamine C stimule la production de collag\u00e8ne, ce qui am\u00e9liore l\u2019\u00e9lasticit\u00e9 et la fermet\u00e9 de la peau.<br \/>\nR\u00e9duction des Signes de Vieillissement<br \/>\nElle diminue l\u2019apparence des ridules et des rides, contribuant \u00e0 une peau plus lisse et plus jeune.<br \/>\nAm\u00e9lioration de la Texture de la Peau<br \/>\nLa vitamine C lisse la surface de la peau, r\u00e9duisant les irr\u00e9gularit\u00e9s et les imperfections.<br \/>\nHydratation Renforc\u00e9e<br \/>\nElle aide \u00e0 maintenir l\u2019hydratation de la peau en renfor\u00e7ant la barri\u00e8re cutan\u00e9e.<br \/>\nR\u00e9duction des Rougeurs<br \/>\nElle calme les rougeurs et les irritations, favorisant une peau plus apais\u00e9e.<br \/>\nUniformit\u00e9 du Teint<br \/>\nElle aide \u00e0 uniformiser le teint en r\u00e9duisant les zones d\u2019hyperpigmentation et en \u00e9quilibrant la couleur de la peau.<br \/>\nR\u00e9g\u00e9n\u00e9ration Cellulaire<br \/>\nLa vitamine C favorise le renouvellement cellulaire, aidant la peau \u00e0 se r\u00e9g\u00e9n\u00e9rer plus rapidement et \u00e0 para\u00eetre plus fra\u00eeche.<\/p>","protected":false},"excerpt":{"rendered":"<p>Redonne \u00e9clat et lumi\u00e8re aux teintx ternes et pr\u00e9serve l\u2019\u00e9lasticit\u00e9 et la fermet\u00e9 de la peau.<\/p>\n<p>Illumine le teint, offrant une peau radieuse et unifi\u00e9e.<\/p>\n<p>R\u00e9duction des Taches Brunes<\/p>\n<p>Stimulation de la Production de Collag\u00e8ne<\/p>","protected":false},"featured_media":906,"comment_status":"open","ping_status":"closed","template":"","meta":[],"product_brand":[],"product_cat":[96,1110,2906],"product_tag":[],"class_list":{"0":"post-871","1":"product","2":"type-product","3":"status-publish","4":"has-post-thumbnail","6":"product_cat-non-classe","7":"product_cat-anti-taches","8":"product_cat-serums","10":"first","11":"instock","12":"shipping-taxable","13":"purchasable","14":"product-type-simple"},"_links":{"self":[{"href":"https:\/\/parashopnarimel.com\/ar\/wp-json\/wp\/v2\/product\/871","targetHints":{"allow":["GET"]}}],"collection":[{"href":"https:\/\/parashopnarimel.com\/ar\/wp-json\/wp\/v2\/product"}],"about":[{"href":"https:\/\/parashopnarimel.com\/ar\/wp-json\/wp\/v2\/types\/product"}],"replies":[{"embeddable":true,"href":"https:\/\/parashopnarimel.com\/ar\/wp-json\/wp\/v2\/comments?post=871"}],"version-history":[{"count":2,"href":"https:\/\/parashopnarimel.com\/ar\/wp-json\/wp\/v2\/product\/871\/revisions"}],"predecessor-version":[{"id":8314,"href":"https:\/\/parashopnarimel.com\/ar\/wp-json\/wp\/v2\/product\/871\/revisions\/8314"}],"wp:featuredmedia":[{"embeddable":true,"href":"https:\/\/parashopnarimel.com\/ar\/wp-json\/wp\/v2\/media\/906"}],"wp:attachment":[{"href":"https:\/\/parashopnarimel.com\/ar\/wp-json\/wp\/v2\/media?parent=871"}],"wp:term":[{"taxonomy":"product_brand","embeddable":true,"href":"https:\/\/parashopnarimel.com\/ar\/wp-json\/wp\/v2\/product_brand?post=871"},{"taxonomy":"product_cat","embeddable":true,"href":"https:\/\/parashopnarimel.com\/ar\/wp-json\/wp\/v2\/product_cat?post=871"},{"taxonomy":"product_tag","embeddable":true,"href":"https:\/\/parashopnarimel.com\/ar\/wp-json\/wp\/v2\/product_tag?post=871"}],"curies":[{"name":"wp","href":"https:\/\/api.w.org\/{rel}","templated":true}]}}