{"id":8718,"date":"2025-01-06T06:51:43","date_gmt":"2025-01-06T06:51:43","guid":{"rendered":"https:\/\/parashopnarimel.com\/?post_type=product&#038;p=8718"},"modified":"2025-01-19T09:55:09","modified_gmt":"2025-01-19T09:55:09","slug":"beauty-of-joseon-glow-serum-propolis-niacinamide","status":"publish","type":"product","link":"https:\/\/parashopnarimel.com\/ar\/product\/beauty-of-joseon-glow-serum-propolis-niacinamide\/","title":{"rendered":"Beauty of Joseon \u2013 Glow serum Propolis + Niacinamide"},"content":{"rendered":"<p>Ce s\u00e9rum de la c\u00e9l\u00e8bre marque cor\u00e9enne\u00a0Beauty of joseon est compos\u00e9 de 60% d\u2019extrait de propolis et 2% de niacinamide. Gr\u00e2ce \u00e0 sa composition, il permet de r\u00e9guler la production de s\u00e9bum, de r\u00e9duire les probl\u00e8mes d\u2019acn\u00e9 et d\u2019affiner le grain de peau. Le s\u00e9rum hydrate la peau en profondeur, tout en illuminant le teint.<br \/>\nConseils d\u2019utilisation<br \/>\nAppliquez une quantit\u00e9 appropri\u00e9e de s\u00e9rum sur votre visage. Tapotez d\u00e9licatement afin de faire p\u00e9n\u00e9trer le produit.<br \/>\nComposition<br \/>\nPropolis Extract, Dipropylene Glycol, Glycerin, Butylene Glycol, Water, Niacinamide, 1,2-Hexanediol, Melia Azadirachta Flower Extract, Melia Azadirachta Leaf Extract, Sodium Hyaluronate, Curcuma Longa (Turmeric) Root Extract, Ocimum Sanctum Leaf Extract, Theobroma Cacao (Cocoa) Seed Extract, Melaleuca Alternifolia (Tea Tree) Extract, Centella Asiatica Extract, Corallina Officinalis Extract, Lotus Corniculatus Seed Extract, Calophyllum Inophyllum Seed Oil, Betaine Salicylate, Sodium Polyacryloyldimethyl Taurate, Tromethamine, Polyglyceryl-10 Laurate, Caprylyl Glycol, Ethylhexylglycerin, Dextrin, Pentylene Glycol, Octanediol, Tocopherol, Xanthan Gum, Carbomer<\/p>","protected":false},"excerpt":{"rendered":"<p>Ce s\u00e9rum de la c\u00e9l\u00e8bre marque cor\u00e9enne\u00a0Beauty of joseon est compos\u00e9 de 60% d\u2019extrait de propolis et 2% de niacinamide.<\/p>","protected":false},"featured_media":8759,"comment_status":"open","ping_status":"closed","template":"","meta":[],"product_brand":[],"product_cat":[96,2906],"product_tag":[],"class_list":{"0":"post-8718","1":"product","2":"type-product","3":"status-publish","4":"has-post-thumbnail","6":"product_cat-non-classe","7":"product_cat-serums","9":"first","10":"instock","11":"shipping-taxable","12":"purchasable","13":"product-type-simple"},"_links":{"self":[{"href":"https:\/\/parashopnarimel.com\/ar\/wp-json\/wp\/v2\/product\/8718","targetHints":{"allow":["GET"]}}],"collection":[{"href":"https:\/\/parashopnarimel.com\/ar\/wp-json\/wp\/v2\/product"}],"about":[{"href":"https:\/\/parashopnarimel.com\/ar\/wp-json\/wp\/v2\/types\/product"}],"replies":[{"embeddable":true,"href":"https:\/\/parashopnarimel.com\/ar\/wp-json\/wp\/v2\/comments?post=8718"}],"version-history":[{"count":2,"href":"https:\/\/parashopnarimel.com\/ar\/wp-json\/wp\/v2\/product\/8718\/revisions"}],"predecessor-version":[{"id":11926,"href":"https:\/\/parashopnarimel.com\/ar\/wp-json\/wp\/v2\/product\/8718\/revisions\/11926"}],"wp:featuredmedia":[{"embeddable":true,"href":"https:\/\/parashopnarimel.com\/ar\/wp-json\/wp\/v2\/media\/8759"}],"wp:attachment":[{"href":"https:\/\/parashopnarimel.com\/ar\/wp-json\/wp\/v2\/media?parent=8718"}],"wp:term":[{"taxonomy":"product_brand","embeddable":true,"href":"https:\/\/parashopnarimel.com\/ar\/wp-json\/wp\/v2\/product_brand?post=8718"},{"taxonomy":"product_cat","embeddable":true,"href":"https:\/\/parashopnarimel.com\/ar\/wp-json\/wp\/v2\/product_cat?post=8718"},{"taxonomy":"product_tag","embeddable":true,"href":"https:\/\/parashopnarimel.com\/ar\/wp-json\/wp\/v2\/product_tag?post=8718"}],"curies":[{"name":"wp","href":"https:\/\/api.w.org\/{rel}","templated":true}]}}