{"id":873,"date":"2024-12-29T06:18:24","date_gmt":"2024-12-29T06:18:24","guid":{"rendered":"https:\/\/parashopnarimel.com\/?post_type=product&#038;p=873"},"modified":"2025-07-14T13:30:54","modified_gmt":"2025-07-14T13:30:54","slug":"touche-gel-nettoyant-purifiant-visage","status":"publish","type":"product","link":"https:\/\/parashopnarimel.com\/ar\/product\/touche-gel-nettoyant-purifiant-visage\/","title":{"rendered":"touch\u00e9 Gel Nettoyant Purifiant Visage"},"content":{"rendered":"<p>Nettoyant visage Anti-imperfections \u00e0 l\u2019Acide Salicylique et Niacinamide.<br \/>\nPour un visage Clair et \u00c9clatant<\/p>\n<p>Nettoie et purifie la peau en profondeur<\/p>\n<p>Hydrate et nourrit la peau<\/p>\n<p>\u00c9limine les imperfections<\/p>\n<p>Compatible avec les peaux acn\u00e9iques.<br \/>\nConvient \u00e0 tous les types de peau.<\/p>\n<p>Combat efficacement l\u2019acn\u00e9, le psoriasis, les taches et les imperfections cutan\u00e9es sur le visage.<br \/>\nPr\u00e9vient les futures \u00e9ruptions cutan\u00e9es en \u00e9liminant les impuret\u00e9s et le s\u00e9bum obstruant les pores.<br \/>\nFavorise une peau faciale plus uniforme et \u00e9clatante gr\u00e2ce \u00e0 l\u2019action exfoliante de l\u2019acide salicylique.<br \/>\nR\u00e9duit l\u2019apparence des rougeurs et des irritations gr\u00e2ce aux propri\u00e9t\u00e9s apaisantes de la niacinamide.<br \/>\nHydrate et maintient l\u2019\u00e9quilibre naturel de la peau faciale pour un confort durable.<\/p>","protected":false},"excerpt":{"rendered":"<p>Nettoyant visage Anti-imperfections \u00e0 l\u2019Acide Salicylique et Niacinamide.<br \/>\nPour un visage Clair et \u00c9clatant<\/p>\n<p>Nettoie et purifie la peau en profondeur<\/p>\n<p>Hydrate et nourrit la peau<\/p>\n<p>\u00c9limine les imperfections<\/p>","protected":false},"featured_media":918,"comment_status":"open","ping_status":"closed","template":"","meta":[],"product_brand":[],"product_cat":[96,22],"product_tag":[],"class_list":{"0":"post-873","1":"product","2":"type-product","3":"status-publish","4":"has-post-thumbnail","6":"product_cat-non-classe","7":"product_cat-nettoyant","9":"first","10":"instock","11":"shipping-taxable","12":"purchasable","13":"product-type-simple"},"_links":{"self":[{"href":"https:\/\/parashopnarimel.com\/ar\/wp-json\/wp\/v2\/product\/873","targetHints":{"allow":["GET"]}}],"collection":[{"href":"https:\/\/parashopnarimel.com\/ar\/wp-json\/wp\/v2\/product"}],"about":[{"href":"https:\/\/parashopnarimel.com\/ar\/wp-json\/wp\/v2\/types\/product"}],"replies":[{"embeddable":true,"href":"https:\/\/parashopnarimel.com\/ar\/wp-json\/wp\/v2\/comments?post=873"}],"version-history":[{"count":2,"href":"https:\/\/parashopnarimel.com\/ar\/wp-json\/wp\/v2\/product\/873\/revisions"}],"predecessor-version":[{"id":8313,"href":"https:\/\/parashopnarimel.com\/ar\/wp-json\/wp\/v2\/product\/873\/revisions\/8313"}],"wp:featuredmedia":[{"embeddable":true,"href":"https:\/\/parashopnarimel.com\/ar\/wp-json\/wp\/v2\/media\/918"}],"wp:attachment":[{"href":"https:\/\/parashopnarimel.com\/ar\/wp-json\/wp\/v2\/media?parent=873"}],"wp:term":[{"taxonomy":"product_brand","embeddable":true,"href":"https:\/\/parashopnarimel.com\/ar\/wp-json\/wp\/v2\/product_brand?post=873"},{"taxonomy":"product_cat","embeddable":true,"href":"https:\/\/parashopnarimel.com\/ar\/wp-json\/wp\/v2\/product_cat?post=873"},{"taxonomy":"product_tag","embeddable":true,"href":"https:\/\/parashopnarimel.com\/ar\/wp-json\/wp\/v2\/product_tag?post=873"}],"curies":[{"name":"wp","href":"https:\/\/api.w.org\/{rel}","templated":true}]}}