{"id":874,"date":"2024-12-29T06:18:24","date_gmt":"2024-12-29T06:18:24","guid":{"rendered":"https:\/\/parashopnarimel.com\/?post_type=product&#038;p=874"},"modified":"2025-01-19T10:53:44","modified_gmt":"2025-01-19T10:53:44","slug":"touche-lotion-tonique-purifiante-acide-glycolique-8-aloe-vera","status":"publish","type":"product","link":"https:\/\/parashopnarimel.com\/ar\/product\/touche-lotion-tonique-purifiante-acide-glycolique-8-aloe-vera\/","title":{"rendered":"touch\u00e9 Lotion tonique Purifiante Acide Glycolique 8% + Aloe Vera"},"content":{"rendered":"<p>Lotion Tonique Purifiante.<br \/>\nAcide Glycolique 8% + Aloe Vera<br \/>\nPour une peau tonifi\u00e9e, lisse et unifi\u00e9e.<\/p>\n<p>\u00c9limine les cellules mortes de la peau<\/p>\n<p>R\u00e9duction des Imperfections<\/p>\n<p>Hydratation et Apaisement<\/p>\n<p>Compatible avec les peaux acn\u00e9iques.<br \/>\nConvient \u00e0 tous les types de peau.<\/p>\n<p>Exfoliation Douce<br \/>\nL\u2019acide glycolique 8% \u00e9limine les cellules mortes de la peau, r\u00e9v\u00e9lant un teint plus lisse et \u00e9clatant.<br \/>\nAm\u00e9lioration de la Texture de la Peau<br \/>\nR\u00e9duit les irr\u00e9gularit\u00e9s de texture pour une peau plus uniforme et plus douce au toucher.<br \/>\nR\u00e9duction des Imperfections<br \/>\nAide \u00e0 minimiser les pores et \u00e0 diminuer l\u2019apparence des imperfections et des points noirs.<br \/>\nHydratation et Apaisement<br \/>\nL\u2019aloe vera hydrate et apaise la peau, r\u00e9duisant les sensations de tiraillement et d\u2019irritation.<br \/>\n\u00c9clat du Teint<br \/>\nStimule la r\u00e9g\u00e9n\u00e9ration cellulaire pour un teint plus lumineux et unifi\u00e9.<br \/>\nR\u00e9duction des Signes de Vieillissement<br \/>\nAide \u00e0 lisser les ridules et les rides en favorisant le renouvellement cellulaire.<br \/>\nEffet Purifiant<br \/>\nNettoie en profondeur les impuret\u00e9s et l\u2019exc\u00e8s de s\u00e9bum, laissant la peau fra\u00eeche et propre.<br \/>\nPr\u00e9paration de la Peau<br \/>\nPr\u00e9pare la peau pour une meilleure absorption des soins hydratants et des traitements suivants.<br \/>\nAm\u00e9lioration de l\u2019\u00c9clat<br \/>\n\u00c9limine les cellules mortes qui peuvent ternir le teint, r\u00e9v\u00e9lant une peau plus \u00e9clatante.<br \/>\nConfort et Fra\u00eecheur<br \/>\nOffre une sensation de fra\u00eecheur et de confort apr\u00e8s chaque application.<\/p>","protected":false},"excerpt":{"rendered":"<p>\u00c9limine les cellules mortes de la peau<\/p>\n<p>R\u00e9duction des Imperfections<\/p>\n<p>Hydratation et Apaisement<\/p>","protected":false},"featured_media":920,"comment_status":"open","ping_status":"closed","template":"","meta":[],"product_brand":[],"product_cat":[96,1110,2908,2905],"product_tag":[],"class_list":{"0":"post-874","1":"product","2":"type-product","3":"status-publish","4":"has-post-thumbnail","6":"product_cat-non-classe","7":"product_cat-anti-taches","8":"product_cat-gommage-et-peeling","9":"product_cat-lotion","11":"first","12":"instock","13":"shipping-taxable","14":"purchasable","15":"product-type-simple"},"_links":{"self":[{"href":"https:\/\/parashopnarimel.com\/ar\/wp-json\/wp\/v2\/product\/874","targetHints":{"allow":["GET"]}}],"collection":[{"href":"https:\/\/parashopnarimel.com\/ar\/wp-json\/wp\/v2\/product"}],"about":[{"href":"https:\/\/parashopnarimel.com\/ar\/wp-json\/wp\/v2\/types\/product"}],"replies":[{"embeddable":true,"href":"https:\/\/parashopnarimel.com\/ar\/wp-json\/wp\/v2\/comments?post=874"}],"version-history":[{"count":3,"href":"https:\/\/parashopnarimel.com\/ar\/wp-json\/wp\/v2\/product\/874\/revisions"}],"predecessor-version":[{"id":3543,"href":"https:\/\/parashopnarimel.com\/ar\/wp-json\/wp\/v2\/product\/874\/revisions\/3543"}],"wp:featuredmedia":[{"embeddable":true,"href":"https:\/\/parashopnarimel.com\/ar\/wp-json\/wp\/v2\/media\/920"}],"wp:attachment":[{"href":"https:\/\/parashopnarimel.com\/ar\/wp-json\/wp\/v2\/media?parent=874"}],"wp:term":[{"taxonomy":"product_brand","embeddable":true,"href":"https:\/\/parashopnarimel.com\/ar\/wp-json\/wp\/v2\/product_brand?post=874"},{"taxonomy":"product_cat","embeddable":true,"href":"https:\/\/parashopnarimel.com\/ar\/wp-json\/wp\/v2\/product_cat?post=874"},{"taxonomy":"product_tag","embeddable":true,"href":"https:\/\/parashopnarimel.com\/ar\/wp-json\/wp\/v2\/product_tag?post=874"}],"curies":[{"name":"wp","href":"https:\/\/api.w.org\/{rel}","templated":true}]}}