{"id":875,"date":"2024-12-29T06:18:24","date_gmt":"2024-12-29T06:18:24","guid":{"rendered":"https:\/\/parashopnarimel.com\/?post_type=product&#038;p=875"},"modified":"2025-05-03T12:12:43","modified_gmt":"2025-05-03T12:12:43","slug":"intima-pro-sensible-soin-lavant-intime-quotidien-200-ml","status":"publish","type":"product","link":"https:\/\/parashopnarimel.com\/ar\/product\/intima-pro-sensible-soin-lavant-intime-quotidien-200-ml\/","title":{"rendered":"INTIMA PRO \u2013 SENSIBLE \u2013 Soin Lavant Intime Quotidien \u2013 200 ml"},"content":{"rendered":"<p>Un soin adapt\u00e9 pour entretenir votre hygi\u00e8ne intime.<br \/>\nLe\u00a0Soin Lavant Intime Quotidien Intima Pro Sensible\u00a0d\u2019Intima\u00a0apporte du confort et de la propret\u00e9 \u00e0 votre zone intime pour vous sentir \u00e0 votre aise durant la journ\u00e9e.<\/p>","protected":false},"excerpt":{"rendered":"<p>Un soin adapt\u00e9 pour entretenir votre hygi\u00e8ne intime.<br \/>\nLe\u00a0Soin Lavant Intime Quotidien Intima Pro Sensible\u00a0d\u2019Intima\u00a0apporte du confort et de la propret\u00e9 \u00e0 votre zone intime pour vous sentir \u00e0 votre aise durant la journ\u00e9e.<\/p>","protected":false},"featured_media":922,"comment_status":"open","ping_status":"closed","template":"","meta":[],"product_brand":[],"product_cat":[2915,2912],"product_tag":[],"class_list":{"0":"post-875","1":"product","2":"type-product","3":"status-publish","4":"has-post-thumbnail","6":"product_cat-bien-etre","7":"product_cat-nettoyant-corps","9":"first","10":"instock","11":"shipping-taxable","12":"purchasable","13":"product-type-simple"},"_links":{"self":[{"href":"https:\/\/parashopnarimel.com\/ar\/wp-json\/wp\/v2\/product\/875","targetHints":{"allow":["GET"]}}],"collection":[{"href":"https:\/\/parashopnarimel.com\/ar\/wp-json\/wp\/v2\/product"}],"about":[{"href":"https:\/\/parashopnarimel.com\/ar\/wp-json\/wp\/v2\/types\/product"}],"replies":[{"embeddable":true,"href":"https:\/\/parashopnarimel.com\/ar\/wp-json\/wp\/v2\/comments?post=875"}],"version-history":[{"count":2,"href":"https:\/\/parashopnarimel.com\/ar\/wp-json\/wp\/v2\/product\/875\/revisions"}],"predecessor-version":[{"id":11941,"href":"https:\/\/parashopnarimel.com\/ar\/wp-json\/wp\/v2\/product\/875\/revisions\/11941"}],"wp:featuredmedia":[{"embeddable":true,"href":"https:\/\/parashopnarimel.com\/ar\/wp-json\/wp\/v2\/media\/922"}],"wp:attachment":[{"href":"https:\/\/parashopnarimel.com\/ar\/wp-json\/wp\/v2\/media?parent=875"}],"wp:term":[{"taxonomy":"product_brand","embeddable":true,"href":"https:\/\/parashopnarimel.com\/ar\/wp-json\/wp\/v2\/product_brand?post=875"},{"taxonomy":"product_cat","embeddable":true,"href":"https:\/\/parashopnarimel.com\/ar\/wp-json\/wp\/v2\/product_cat?post=875"},{"taxonomy":"product_tag","embeddable":true,"href":"https:\/\/parashopnarimel.com\/ar\/wp-json\/wp\/v2\/product_tag?post=875"}],"curies":[{"name":"wp","href":"https:\/\/api.w.org\/{rel}","templated":true}]}}