{"id":876,"date":"2024-12-29T06:18:24","date_gmt":"2024-12-29T06:18:24","guid":{"rendered":"https:\/\/parashopnarimel.com\/?post_type=product&#038;p=876"},"modified":"2026-01-24T20:55:43","modified_gmt":"2026-01-24T20:55:43","slug":"intima-pro-soin-lavant-quotidien-apaisant-200ml","status":"publish","type":"product","link":"https:\/\/parashopnarimel.com\/ar\/product\/intima-pro-soin-lavant-quotidien-apaisant-200ml\/","title":{"rendered":"Intima PRO Soin lavant quotidien Apaisant 200ml"},"content":{"rendered":"<p>Votre zone intime n\u00e9cessite un soin sp\u00e9cifique et un produit adapt\u00e9. C\u2019est pourquoi IntimaPRO a formul\u00e9 ce soin lavant doux qui nettoie et respecte le pH de votre vulve au quotidien.<br \/>\nLa formule apaisante d\u2019IntimaPRO aide \u00e0 prot\u00e9ger contre les mauvaises odeurs et les inconforts du quotidien gr\u00e2ce \u00e0 son pH adapt\u00e9 et \u00e0 ses agents lavants doux qui procurent une agr\u00e9able sensation d\u2019apaisement.<\/p>","protected":false},"excerpt":{"rendered":"<p>Votre zone intime n\u00e9cessite un soin sp\u00e9cifique et un produit adapt\u00e9. C\u2019est pourquoi IntimaPRO a formul\u00e9 ce soin lavant doux qui nettoie et respecte le pH de votre vulve au quotidien.<br \/>\nLa formule apaisante d\u2019IntimaPRO aide \u00e0 prot\u00e9ger contre les mauvaises odeurs et les inconforts du quotidien gr\u00e2ce \u00e0 son pH adapt\u00e9 et \u00e0 ses agents lavants doux qui procurent une agr\u00e9able sensation d\u2019apaisement.<\/p>","protected":false},"featured_media":924,"comment_status":"open","ping_status":"closed","template":"","meta":[],"product_brand":[],"product_cat":[96,2915,2912],"product_tag":[],"class_list":{"0":"post-876","1":"product","2":"type-product","3":"status-publish","4":"has-post-thumbnail","6":"product_cat-non-classe","7":"product_cat-bien-etre","8":"product_cat-nettoyant-corps","10":"first","11":"instock","12":"shipping-taxable","13":"purchasable","14":"product-type-simple"},"_links":{"self":[{"href":"https:\/\/parashopnarimel.com\/ar\/wp-json\/wp\/v2\/product\/876","targetHints":{"allow":["GET"]}}],"collection":[{"href":"https:\/\/parashopnarimel.com\/ar\/wp-json\/wp\/v2\/product"}],"about":[{"href":"https:\/\/parashopnarimel.com\/ar\/wp-json\/wp\/v2\/types\/product"}],"replies":[{"embeddable":true,"href":"https:\/\/parashopnarimel.com\/ar\/wp-json\/wp\/v2\/comments?post=876"}],"version-history":[{"count":1,"href":"https:\/\/parashopnarimel.com\/ar\/wp-json\/wp\/v2\/product\/876\/revisions"}],"predecessor-version":[{"id":925,"href":"https:\/\/parashopnarimel.com\/ar\/wp-json\/wp\/v2\/product\/876\/revisions\/925"}],"wp:featuredmedia":[{"embeddable":true,"href":"https:\/\/parashopnarimel.com\/ar\/wp-json\/wp\/v2\/media\/924"}],"wp:attachment":[{"href":"https:\/\/parashopnarimel.com\/ar\/wp-json\/wp\/v2\/media?parent=876"}],"wp:term":[{"taxonomy":"product_brand","embeddable":true,"href":"https:\/\/parashopnarimel.com\/ar\/wp-json\/wp\/v2\/product_brand?post=876"},{"taxonomy":"product_cat","embeddable":true,"href":"https:\/\/parashopnarimel.com\/ar\/wp-json\/wp\/v2\/product_cat?post=876"},{"taxonomy":"product_tag","embeddable":true,"href":"https:\/\/parashopnarimel.com\/ar\/wp-json\/wp\/v2\/product_tag?post=876"}],"curies":[{"name":"wp","href":"https:\/\/api.w.org\/{rel}","templated":true}]}}