{"id":877,"date":"2024-12-29T06:18:24","date_gmt":"2024-12-29T06:18:24","guid":{"rendered":"https:\/\/parashopnarimel.com\/?post_type=product&#038;p=877"},"modified":"2025-01-19T10:55:18","modified_gmt":"2025-01-19T10:55:18","slug":"estee-lauder-coffret-advanced-night-repair-3-pieces","status":"publish","type":"product","link":"https:\/\/parashopnarimel.com\/ar\/product\/estee-lauder-coffret-advanced-night-repair-3-pieces\/","title":{"rendered":"Est\u00e9e Lauder Coffret Advanced Night Repair \u2013 3 pi\u00e8ces"},"content":{"rendered":"<p>Pour c\u00e9l\u00e9brer les f\u00eates de fin d\u2019ann\u00e9e, Est\u00e9e Lauder vous propose de d\u00e9couvrir ou red\u00e9couvrir les indispensables pour une peau lumineuse et hydrat\u00e9e<br \/>\nCe coffret contient:<br \/>\n\u2013 Le s\u00e9rum Advanced Night Repair Complexe Multi-R\u00e9paration Synchronis\u00e9e 50 ml<br \/>\n\u2013 La cr\u00e8me R\u00e9v\u00e9latrice de Jeunesse Revitalizing Supreme+ 15ml<br \/>\n\u2013 Le Contour des yeux Ultra-Concentr\u00e9 Advanced Night Repair 5ml<br \/>\nB\u00e9n\u00e9fice produit<br \/>\nR\u00e9pare, prot\u00e8ge, hydrate. Combat les multiples signes de l\u2019\u00e2ge en profondeur.<\/p>","protected":false},"excerpt":{"rendered":"<p>Pour c\u00e9l\u00e9brer les f\u00eates de fin d\u2019ann\u00e9e, Est\u00e9e Lauder vous propose de d\u00e9couvrir ou red\u00e9couvrir les indispensables pour une peau lumineuse et hydrat\u00e9e<br \/>\nCe coffret contient:<br \/>\n\u2013 Le s\u00e9rum Advanced Night Repair Complexe Multi-R\u00e9paration Synchronis\u00e9e 50 ml<br \/>\n\u2013 La cr\u00e8me R\u00e9v\u00e9latrice de Jeunesse Revitalizing Supreme+ 15ml<br \/>\n\u2013 Le Contour des yeux Ultra-Concentr\u00e9 Advanced Night Repair 5ml<br \/>\nB\u00e9n\u00e9fice produit<br \/>\nR\u00e9pare, prot\u00e8ge, hydrate. Combat les multiples signes de l\u2019\u00e2ge en profondeur.<\/p>","protected":false},"featured_media":926,"comment_status":"open","ping_status":"closed","template":"","meta":[],"product_brand":[],"product_cat":[96,2899,29,2906,30],"product_tag":[],"class_list":{"0":"post-877","1":"product","2":"type-product","3":"status-publish","4":"has-post-thumbnail","6":"product_cat-non-classe","7":"product_cat-coffret","8":"product_cat-creme","9":"product_cat-serums","10":"product_cat-soins-des-yeux","12":"first","13":"instock","14":"shipping-taxable","15":"purchasable","16":"product-type-simple"},"_links":{"self":[{"href":"https:\/\/parashopnarimel.com\/ar\/wp-json\/wp\/v2\/product\/877","targetHints":{"allow":["GET"]}}],"collection":[{"href":"https:\/\/parashopnarimel.com\/ar\/wp-json\/wp\/v2\/product"}],"about":[{"href":"https:\/\/parashopnarimel.com\/ar\/wp-json\/wp\/v2\/types\/product"}],"replies":[{"embeddable":true,"href":"https:\/\/parashopnarimel.com\/ar\/wp-json\/wp\/v2\/comments?post=877"}],"version-history":[{"count":2,"href":"https:\/\/parashopnarimel.com\/ar\/wp-json\/wp\/v2\/product\/877\/revisions"}],"predecessor-version":[{"id":2525,"href":"https:\/\/parashopnarimel.com\/ar\/wp-json\/wp\/v2\/product\/877\/revisions\/2525"}],"wp:featuredmedia":[{"embeddable":true,"href":"https:\/\/parashopnarimel.com\/ar\/wp-json\/wp\/v2\/media\/926"}],"wp:attachment":[{"href":"https:\/\/parashopnarimel.com\/ar\/wp-json\/wp\/v2\/media?parent=877"}],"wp:term":[{"taxonomy":"product_brand","embeddable":true,"href":"https:\/\/parashopnarimel.com\/ar\/wp-json\/wp\/v2\/product_brand?post=877"},{"taxonomy":"product_cat","embeddable":true,"href":"https:\/\/parashopnarimel.com\/ar\/wp-json\/wp\/v2\/product_cat?post=877"},{"taxonomy":"product_tag","embeddable":true,"href":"https:\/\/parashopnarimel.com\/ar\/wp-json\/wp\/v2\/product_tag?post=877"}],"curies":[{"name":"wp","href":"https:\/\/api.w.org\/{rel}","templated":true}]}}