{"id":8778,"date":"2025-01-06T06:52:28","date_gmt":"2025-01-06T06:52:28","guid":{"rendered":"https:\/\/parashopnarimel.com\/?post_type=product&#038;p=8778"},"modified":"2025-01-19T09:54:44","modified_gmt":"2025-01-19T09:54:44","slug":"panoxyl-acne-creamy-wash-peroxyde-de-benzoyle-4-controle-quotidien-170g","status":"publish","type":"product","link":"https:\/\/parashopnarimel.com\/ar\/product\/panoxyl-acne-creamy-wash-peroxyde-de-benzoyle-4-controle-quotidien-170g\/","title":{"rendered":"PanOxyl Acne Creamy Wash Peroxyde de Benzoyle 4% Contr\u00f4le Quotidien 170g"},"content":{"rendered":"<p>Suffisamment doux pour un usage quotidien et suffisamment puissant pour combattre les boutons les plus emb\u00eatants, le nettoyant cr\u00e9meux contre l\u2019acn\u00e9 de PanOxyl contient 4 % de peroxyde de benzoyle pour \u00e9liminer l\u2019acn\u00e9 \u00e0 la vitesse de l\u2019\u00e9clair !\u00a0Recommand\u00e9 par les dermatologues, ce nettoyant de contr\u00f4le quotidien nettoie et d\u00e9bouche les pores pour \u00e9liminer les \u00e9ruptions cutan\u00e9es existantes.\u00a0Il peut \u00e9galement aider \u00e0 pr\u00e9venir la formation de nouvelles imperfections lorsqu\u2019il est utilis\u00e9 dans le cadre d\u2019une routine quotidienne de traitement de l\u2019acn\u00e9.<br \/>\nConseils d\u2019utilisation<\/p>\n<p>Zone humide \u00e0 nettoyer<br \/>\nAppliquer et masser sur la peau pendant 1 \u00e0 2 minutes<br \/>\nRincer abondamment et s\u00e9cher<br \/>\nAppliquer une fois par jour, augmenter progressivement jusqu\u2019\u00e0 deux fois si n\u00e9cessaire ou recommand\u00e9 par votre dermatologue.<\/p>","protected":false},"excerpt":{"rendered":"<p>Suffisamment doux pour un usage quotidien et suffisamment puissant pour combattre les boutons les plus emb\u00eatants, le nettoyant cr\u00e9meux contre<\/p>","protected":false},"featured_media":8834,"comment_status":"open","ping_status":"closed","template":"","meta":[],"product_brand":[],"product_cat":[96,22,2912],"product_tag":[],"class_list":{"0":"post-8778","1":"product","2":"type-product","3":"status-publish","4":"has-post-thumbnail","6":"product_cat-non-classe","7":"product_cat-nettoyant","8":"product_cat-nettoyant-corps","10":"first","11":"instock","12":"sale","13":"shipping-taxable","14":"purchasable","15":"product-type-simple"},"_links":{"self":[{"href":"https:\/\/parashopnarimel.com\/ar\/wp-json\/wp\/v2\/product\/8778","targetHints":{"allow":["GET"]}}],"collection":[{"href":"https:\/\/parashopnarimel.com\/ar\/wp-json\/wp\/v2\/product"}],"about":[{"href":"https:\/\/parashopnarimel.com\/ar\/wp-json\/wp\/v2\/types\/product"}],"replies":[{"embeddable":true,"href":"https:\/\/parashopnarimel.com\/ar\/wp-json\/wp\/v2\/comments?post=8778"}],"version-history":[{"count":2,"href":"https:\/\/parashopnarimel.com\/ar\/wp-json\/wp\/v2\/product\/8778\/revisions"}],"predecessor-version":[{"id":11964,"href":"https:\/\/parashopnarimel.com\/ar\/wp-json\/wp\/v2\/product\/8778\/revisions\/11964"}],"wp:featuredmedia":[{"embeddable":true,"href":"https:\/\/parashopnarimel.com\/ar\/wp-json\/wp\/v2\/media\/8834"}],"wp:attachment":[{"href":"https:\/\/parashopnarimel.com\/ar\/wp-json\/wp\/v2\/media?parent=8778"}],"wp:term":[{"taxonomy":"product_brand","embeddable":true,"href":"https:\/\/parashopnarimel.com\/ar\/wp-json\/wp\/v2\/product_brand?post=8778"},{"taxonomy":"product_cat","embeddable":true,"href":"https:\/\/parashopnarimel.com\/ar\/wp-json\/wp\/v2\/product_cat?post=8778"},{"taxonomy":"product_tag","embeddable":true,"href":"https:\/\/parashopnarimel.com\/ar\/wp-json\/wp\/v2\/product_tag?post=8778"}],"curies":[{"name":"wp","href":"https:\/\/api.w.org\/{rel}","templated":true}]}}