{"id":882,"date":"2024-12-29T06:18:24","date_gmt":"2024-12-29T06:18:24","guid":{"rendered":"https:\/\/parashopnarimel.com\/?post_type=product&#038;p=882"},"modified":"2025-01-19T10:55:40","modified_gmt":"2025-01-19T10:55:40","slug":"caudalie-vinergetic-c-soin-3-en-1-vitamine-c-anti-fatigue-40ml","status":"publish","type":"product","link":"https:\/\/parashopnarimel.com\/ar\/product\/caudalie-vinergetic-c-soin-3-en-1-vitamine-c-anti-fatigue-40ml\/","title":{"rendered":"Caudalie Vinergetic C+ Soin 3-en-1 Vitamine C Anti-Fatigue 40ml"},"content":{"rendered":"<p>D\u00e9couvrez le\u00a0Soin 3-en-1 Vitamine C Anti-Fatigue Vinergetic C+, le fluide anti-\u00e2ge pour illuminer et hydrater la peau tout en la prot\u00e9geant contre la pollution.<br \/>\nTous types de peaux<br \/>\nCr\u00e8me fluide<br \/>\nR\u00e9sultats:<br \/>\nProtection anti-pollution pendant 8 heures*<br \/>\nVotre peau sera encore plus hydrat\u00e9e et \u00e9clatante, tout au long de la journ\u00e9e.<br \/>\nV\u00e9gan<br \/>\n97% d\u2019ingr\u00e9dients d\u2019origine naturelle<br \/>\nSans parfum<br \/>\nSans PEGs, sans silicones<br \/>\nDes packagings 100% recyclables et con\u00e7us \u00e0 partir de plastique recycl\u00e9, pour des emballages plus respectueux de la plan\u00e8te*.<\/p>","protected":false},"excerpt":{"rendered":"<p>D\u00e9couvrez le\u00a0Soin 3-en-1 Vitamine C Anti-Fatigue Vinergetic C+, le fluide anti-\u00e2ge pour illuminer et hydrater la peau tout en la prot\u00e9geant contre la pollution.<br \/>\nTous types de peaux<br \/>\nCr\u00e8me fluide<br \/>\nR\u00e9sultats:<br \/>\nProtection anti-pollution pendant 8 heures*<br \/>\nVotre peau sera encore plus hydrat\u00e9e et \u00e9clatante, tout au long de la journ\u00e9e.<br \/>\nV\u00e9gan<br \/>\n97% d\u2019ingr\u00e9dients d\u2019origine naturelle<br \/>\nSans parfum<br \/>\nSans PEGs, sans silicones<br \/>\nDes packagings 100% recyclables et con\u00e7us \u00e0 partir de plastique recycl\u00e9, pour des emballages plus respectueux de la plan\u00e8te*.<\/p>","protected":false},"featured_media":944,"comment_status":"open","ping_status":"closed","template":"","meta":[],"product_brand":[],"product_cat":[96,1110,29],"product_tag":[],"class_list":{"0":"post-882","1":"product","2":"type-product","3":"status-publish","4":"has-post-thumbnail","6":"product_cat-non-classe","7":"product_cat-anti-taches","8":"product_cat-creme","10":"first","11":"instock","12":"shipping-taxable","13":"purchasable","14":"product-type-simple"},"_links":{"self":[{"href":"https:\/\/parashopnarimel.com\/ar\/wp-json\/wp\/v2\/product\/882","targetHints":{"allow":["GET"]}}],"collection":[{"href":"https:\/\/parashopnarimel.com\/ar\/wp-json\/wp\/v2\/product"}],"about":[{"href":"https:\/\/parashopnarimel.com\/ar\/wp-json\/wp\/v2\/types\/product"}],"replies":[{"embeddable":true,"href":"https:\/\/parashopnarimel.com\/ar\/wp-json\/wp\/v2\/comments?post=882"}],"version-history":[{"count":2,"href":"https:\/\/parashopnarimel.com\/ar\/wp-json\/wp\/v2\/product\/882\/revisions"}],"predecessor-version":[{"id":8198,"href":"https:\/\/parashopnarimel.com\/ar\/wp-json\/wp\/v2\/product\/882\/revisions\/8198"}],"wp:featuredmedia":[{"embeddable":true,"href":"https:\/\/parashopnarimel.com\/ar\/wp-json\/wp\/v2\/media\/944"}],"wp:attachment":[{"href":"https:\/\/parashopnarimel.com\/ar\/wp-json\/wp\/v2\/media?parent=882"}],"wp:term":[{"taxonomy":"product_brand","embeddable":true,"href":"https:\/\/parashopnarimel.com\/ar\/wp-json\/wp\/v2\/product_brand?post=882"},{"taxonomy":"product_cat","embeddable":true,"href":"https:\/\/parashopnarimel.com\/ar\/wp-json\/wp\/v2\/product_cat?post=882"},{"taxonomy":"product_tag","embeddable":true,"href":"https:\/\/parashopnarimel.com\/ar\/wp-json\/wp\/v2\/product_tag?post=882"}],"curies":[{"name":"wp","href":"https:\/\/api.w.org\/{rel}","templated":true}]}}