{"id":8941,"date":"2025-01-06T06:54:35","date_gmt":"2025-01-06T06:54:35","guid":{"rendered":"https:\/\/parashopnarimel.com\/?post_type=product&#038;p=8941"},"modified":"2025-01-19T09:53:10","modified_gmt":"2025-01-19T09:53:10","slug":"kerastase-chroma-absolu-serum-chroma-thermique-150ml","status":"publish","type":"product","link":"https:\/\/parashopnarimel.com\/ar\/product\/kerastase-chroma-absolu-serum-chroma-thermique-150ml\/","title":{"rendered":"K\u00c9RASTASE Chroma Absolu S\u00e9rum Chroma Thermique 150ml"},"content":{"rendered":"<p>S\u00e9rum thermique anti-frizz pour tous les cheveux color\u00e9s sensibilis\u00e9s ou ab\u00eem\u00e9s. Sa texture lact\u00e9e aux propri\u00e9t\u00e9s antioxydantes, enrichi en acide lactique et Centella Asiatica aide \u00e0 pr\u00e9server la couleur en prot\u00e9geant la fibre capillaire des multiples agressions ext\u00e9rieures : dommages caus\u00e9s par les UV, l\u2019humidit\u00e9, la chaleur et le stress oxydatif.<br \/>\nConseils d\u2019utilisation<\/p>\n<p>1. Sur des cheveux essor\u00e9s, appliquer 6 \u00e0 10 pulv\u00e9risations, selon les longueurs et l\u2019\u00e9paisseur des cheveux.<br \/>\n2. Appliquer jusqu\u2019aux pointes, puis peigner pour r\u00e9partir uniform\u00e9ment le produit.<br \/>\n3. Proc\u00e9der au s\u00e9chage au s\u00e8che-cheveux ou \u00e0 l\u2019air libre.<\/p>","protected":false},"excerpt":{"rendered":"<p>S\u00e9rum thermique anti-frizz pour tous les cheveux color\u00e9s sensibilis\u00e9s ou ab\u00eem\u00e9s. Sa texture lact\u00e9e aux propri\u00e9t\u00e9s antioxydantes, enrichi en acide<\/p>","protected":false},"featured_media":8969,"comment_status":"open","ping_status":"closed","template":"","meta":[],"product_brand":[],"product_cat":[33,2919],"product_tag":[],"class_list":{"0":"post-8941","1":"product","2":"type-product","3":"status-publish","4":"has-post-thumbnail","6":"product_cat-cheveux","7":"product_cat-serum-et-soins","9":"first","10":"instock","11":"shipping-taxable","12":"purchasable","13":"product-type-simple"},"_links":{"self":[{"href":"https:\/\/parashopnarimel.com\/ar\/wp-json\/wp\/v2\/product\/8941","targetHints":{"allow":["GET"]}}],"collection":[{"href":"https:\/\/parashopnarimel.com\/ar\/wp-json\/wp\/v2\/product"}],"about":[{"href":"https:\/\/parashopnarimel.com\/ar\/wp-json\/wp\/v2\/types\/product"}],"replies":[{"embeddable":true,"href":"https:\/\/parashopnarimel.com\/ar\/wp-json\/wp\/v2\/comments?post=8941"}],"version-history":[{"count":2,"href":"https:\/\/parashopnarimel.com\/ar\/wp-json\/wp\/v2\/product\/8941\/revisions"}],"predecessor-version":[{"id":11925,"href":"https:\/\/parashopnarimel.com\/ar\/wp-json\/wp\/v2\/product\/8941\/revisions\/11925"}],"wp:featuredmedia":[{"embeddable":true,"href":"https:\/\/parashopnarimel.com\/ar\/wp-json\/wp\/v2\/media\/8969"}],"wp:attachment":[{"href":"https:\/\/parashopnarimel.com\/ar\/wp-json\/wp\/v2\/media?parent=8941"}],"wp:term":[{"taxonomy":"product_brand","embeddable":true,"href":"https:\/\/parashopnarimel.com\/ar\/wp-json\/wp\/v2\/product_brand?post=8941"},{"taxonomy":"product_cat","embeddable":true,"href":"https:\/\/parashopnarimel.com\/ar\/wp-json\/wp\/v2\/product_cat?post=8941"},{"taxonomy":"product_tag","embeddable":true,"href":"https:\/\/parashopnarimel.com\/ar\/wp-json\/wp\/v2\/product_tag?post=8941"}],"curies":[{"name":"wp","href":"https:\/\/api.w.org\/{rel}","templated":true}]}}