{"id":9006,"date":"2025-01-06T06:54:55","date_gmt":"2025-01-06T06:54:55","guid":{"rendered":"https:\/\/parashopnarimel.com\/?post_type=product&#038;p=9006"},"modified":"2025-01-19T09:52:22","modified_gmt":"2025-01-19T09:52:22","slug":"panoxyl-acne-moussant-nettoyant-peroxyde-de-benzoyle-10-156g","status":"publish","type":"product","link":"https:\/\/parashopnarimel.com\/ar\/product\/panoxyl-acne-moussant-nettoyant-peroxyde-de-benzoyle-10-156g\/","title":{"rendered":"PanOxyl Acn\u00e9 Moussant Nettoyant Peroxyde de Benzoyle 10% 156g"},"content":{"rendered":"<p>Nettoyez, traitez et pr\u00e9venez m\u00eame les pires \u00e9ruptions cutan\u00e9es avec le nettoyant moussant anti-acn\u00e9 PanOxyl 10 % peroxyde de benzoyle. Ce nettoyant pour les peaux sujettes \u00e0 l\u2019acn\u00e9 peut \u00eatre utilis\u00e9 \u00e0 la fois sur le visage et sur le corps.\u00a0PanOxyl Acne Foaming Wash contient la plus forte concentration de peroxyde de benzoyle disponible sans ordonnance.\u00a0Ce puissant nettoyant quotidien commence \u00e0 agir rapidement pour \u00e9liminer l\u2019acn\u00e9 inflammatoire et tue plus de 99 % des bact\u00e9ries responsables de l\u2019acn\u00e9 en 15 secondes.*<br \/>\nLes traitements contre l\u2019acn\u00e9 peuvent \u00eatre durs et ass\u00e9cher la peau, c\u2019est pourquoi les nettoyants au peroxyde de benzoyle de PanOxyl contiennent des hydratants pour lutter contre la s\u00e9cheresse.\u00a0Des routines de soin compliqu\u00e9es ?\u00a0Non merci.\u00a0Le nettoyant moussant contre l\u2019acn\u00e9 au peroxyde de benzoyle PanOxyl nettoie et traite les \u00e9ruptions cutan\u00e9es existantes et aide \u00e0 pr\u00e9venir la formation de nouveaux boutons en une seule \u00e9tape.<\/p>\n<p>Force maximale\u00a0\u2013 Contient la plus forte concentration de peroxyde de benzoyle disponible sans ordonnance<br \/>\nCommence \u00e0 agir rapidement\u00a0\u2013 \u200b\u200bLe lavage antibact\u00e9rien tue plus de 99 % des bact\u00e9ries responsables de l\u2019acn\u00e9 en 15 secondes.<br \/>\nBrise le cycle de l\u2019acn\u00e9\u00a0\u2013 \u00c9limine l\u2019acn\u00e9 existante et aide \u00e0 pr\u00e9venir la formation de nouvelles \u00e9ruptions<br \/>\nNettoyant multi-usages\u00a0\u2013 Nettoie et \u00e9limine l\u2019acn\u00e9 sur le visage, la poitrine et le dos<br \/>\nEntretien quotidien de l\u2019acn\u00e9\u00a0\u2013 Contient des hydratants pour aider \u00e0 combattre la s\u00e9cheresse<\/p>\n<p>Conseils d\u2019utilisation<\/p>\n<p>Zone humide \u00e0 nettoyer<\/p>\n<p>Appliquer et masser sur la peau pendant 1 \u00e0 2 minutes<\/p>\n<p>Rincez abondamment et s\u00e9chez<\/p>\n<p>Appliquer une fois par jour, augmenter progressivement \u00e0 deux fois si n\u00e9cessaire ou dirig\u00e9 par votre dermatologue<\/p>","protected":false},"excerpt":{"rendered":"<p>Nettoyez, traitez et pr\u00e9venez m\u00eame les pires \u00e9ruptions cutan\u00e9es avec le nettoyant moussant anti-acn\u00e9 PanOxyl 10 % peroxyde de benzoyle.<\/p>","protected":false},"featured_media":9083,"comment_status":"open","ping_status":"closed","template":"","meta":[],"product_brand":[],"product_cat":[96,22,2912],"product_tag":[],"class_list":{"0":"post-9006","1":"product","2":"type-product","3":"status-publish","4":"has-post-thumbnail","6":"product_cat-non-classe","7":"product_cat-nettoyant","8":"product_cat-nettoyant-corps","10":"first","11":"instock","12":"sale","13":"shipping-taxable","14":"purchasable","15":"product-type-simple"},"_links":{"self":[{"href":"https:\/\/parashopnarimel.com\/ar\/wp-json\/wp\/v2\/product\/9006","targetHints":{"allow":["GET"]}}],"collection":[{"href":"https:\/\/parashopnarimel.com\/ar\/wp-json\/wp\/v2\/product"}],"about":[{"href":"https:\/\/parashopnarimel.com\/ar\/wp-json\/wp\/v2\/types\/product"}],"replies":[{"embeddable":true,"href":"https:\/\/parashopnarimel.com\/ar\/wp-json\/wp\/v2\/comments?post=9006"}],"version-history":[{"count":2,"href":"https:\/\/parashopnarimel.com\/ar\/wp-json\/wp\/v2\/product\/9006\/revisions"}],"predecessor-version":[{"id":11963,"href":"https:\/\/parashopnarimel.com\/ar\/wp-json\/wp\/v2\/product\/9006\/revisions\/11963"}],"wp:featuredmedia":[{"embeddable":true,"href":"https:\/\/parashopnarimel.com\/ar\/wp-json\/wp\/v2\/media\/9083"}],"wp:attachment":[{"href":"https:\/\/parashopnarimel.com\/ar\/wp-json\/wp\/v2\/media?parent=9006"}],"wp:term":[{"taxonomy":"product_brand","embeddable":true,"href":"https:\/\/parashopnarimel.com\/ar\/wp-json\/wp\/v2\/product_brand?post=9006"},{"taxonomy":"product_cat","embeddable":true,"href":"https:\/\/parashopnarimel.com\/ar\/wp-json\/wp\/v2\/product_cat?post=9006"},{"taxonomy":"product_tag","embeddable":true,"href":"https:\/\/parashopnarimel.com\/ar\/wp-json\/wp\/v2\/product_tag?post=9006"}],"curies":[{"name":"wp","href":"https:\/\/api.w.org\/{rel}","templated":true}]}}