{"id":9060,"date":"2025-01-06T06:55:18","date_gmt":"2025-01-06T06:55:18","guid":{"rendered":"https:\/\/parashopnarimel.com\/?post_type=product&#038;p=9060"},"modified":"2026-03-31T18:08:46","modified_gmt":"2026-03-31T18:08:46","slug":"avene-hydrance-boost-serum-concentre-hydratant-30ml","status":"publish","type":"product","link":"https:\/\/parashopnarimel.com\/ar\/product\/avene-hydrance-boost-serum-concentre-hydratant-30ml\/","title":{"rendered":"Av\u00e8ne Hydrance Boost S\u00e9rum Concentr\u00e9 Hydratant 30ml"},"content":{"rendered":"<p>V\u00e9ritable booster intense d\u2019hydratation du visage, ce s\u00e9rum agit pendant 48H* et r\u00e9tablit l\u2019\u00e9quilibre des peaux sensibles d\u00e9shydrat\u00e9es.<br \/>\nSa formule riche en acide hyaluronique et en vitamine B3 est compos\u00e9e \u00e0 96% d\u2019ingr\u00e9dients d\u2019origine naturelle, pour une texture gel d\u2019eau ultra-l\u00e9g\u00e8re et fra\u00eeche, non grasse et non collante. Elle p\u00e9n\u00e8tre du bout des doigts et laisse une sensation voile d\u2019eau sur la peau. Anti-teint terne, ce s\u00e9rum visage renforce l\u2019hydratation pour une peau souple, lisse et \u00e9clatante.<br \/>\nLa peau retrouve durablement confort, douceur et souplesse.<br \/>\nConseils d\u2019utilisation<br \/>\n\u2013 Commencez par nettoyer soigneusement votre visage.<br \/>\n\u2013 Appliquez matin et soir quelques gouttes de s\u00e9rum et massez en faisant de petits mouvements circulaires.<br \/>\n\u2013 Laissez p\u00e9n\u00e9trer quelques minutes.<\/p>","protected":false},"excerpt":{"rendered":"<p>V\u00e9ritable booster intense d\u2019hydratation du visage, ce s\u00e9rum agit pendant 48H* et r\u00e9tablit l\u2019\u00e9quilibre des peaux sensibles d\u00e9shydrat\u00e9es. Sa formule<\/p>","protected":false},"featured_media":9143,"comment_status":"open","ping_status":"closed","template":"","meta":[],"product_brand":[],"product_cat":[96,2906],"product_tag":[],"class_list":{"0":"post-9060","1":"product","2":"type-product","3":"status-publish","4":"has-post-thumbnail","6":"product_cat-non-classe","7":"product_cat-serums","9":"first","10":"outofstock","11":"shipping-taxable","12":"purchasable","13":"product-type-simple"},"_links":{"self":[{"href":"https:\/\/parashopnarimel.com\/ar\/wp-json\/wp\/v2\/product\/9060","targetHints":{"allow":["GET"]}}],"collection":[{"href":"https:\/\/parashopnarimel.com\/ar\/wp-json\/wp\/v2\/product"}],"about":[{"href":"https:\/\/parashopnarimel.com\/ar\/wp-json\/wp\/v2\/types\/product"}],"replies":[{"embeddable":true,"href":"https:\/\/parashopnarimel.com\/ar\/wp-json\/wp\/v2\/comments?post=9060"}],"version-history":[{"count":2,"href":"https:\/\/parashopnarimel.com\/ar\/wp-json\/wp\/v2\/product\/9060\/revisions"}],"predecessor-version":[{"id":11916,"href":"https:\/\/parashopnarimel.com\/ar\/wp-json\/wp\/v2\/product\/9060\/revisions\/11916"}],"wp:featuredmedia":[{"embeddable":true,"href":"https:\/\/parashopnarimel.com\/ar\/wp-json\/wp\/v2\/media\/9143"}],"wp:attachment":[{"href":"https:\/\/parashopnarimel.com\/ar\/wp-json\/wp\/v2\/media?parent=9060"}],"wp:term":[{"taxonomy":"product_brand","embeddable":true,"href":"https:\/\/parashopnarimel.com\/ar\/wp-json\/wp\/v2\/product_brand?post=9060"},{"taxonomy":"product_cat","embeddable":true,"href":"https:\/\/parashopnarimel.com\/ar\/wp-json\/wp\/v2\/product_cat?post=9060"},{"taxonomy":"product_tag","embeddable":true,"href":"https:\/\/parashopnarimel.com\/ar\/wp-json\/wp\/v2\/product_tag?post=9060"}],"curies":[{"name":"wp","href":"https:\/\/api.w.org\/{rel}","templated":true}]}}