{"id":9128,"date":"2025-01-06T06:56:02","date_gmt":"2025-01-06T06:56:02","guid":{"rendered":"https:\/\/parashopnarimel.com\/?post_type=product&#038;p=9128"},"modified":"2025-01-31T10:58:27","modified_gmt":"2025-01-31T10:58:27","slug":"nuxe-stick-levres-hydratant-reve-de-miel-4g","status":"publish","type":"product","link":"https:\/\/parashopnarimel.com\/ar\/product\/nuxe-stick-levres-hydratant-reve-de-miel-4g\/","title":{"rendered":"Nuxe Stick l\u00e8vres hydratant, R\u00eave de Miel 4g"},"content":{"rendered":"<p>Ce Stick L\u00e8vres Hydratant, au Miel et \u00e0 l\u2019huile de Tournesol bio, adoucit et assouplit les l\u00e8vres dess\u00e9ch\u00e9es \u00e0 tout moment de la journ\u00e9e. Elles ne ressentent plus de tiraillements. De quoi avoir le sourire aux l\u00e8vres !<\/p>\n<p><strong>Conseils d\u2019utilisation:<\/strong><br \/>\nAppliquez le Stick L\u00e8vres Hydratant sur les l\u00e8vres et leur contour aussi souvent que n\u00e9cessaire.<\/p>","protected":false},"excerpt":{"rendered":"<p>Nuxe Stick l\u00e8vres hydratant, R\u00eave de Miel<\/p>","protected":false},"featured_media":9204,"comment_status":"open","ping_status":"closed","template":"","meta":[],"product_brand":[],"product_cat":[96,2907],"product_tag":[],"class_list":{"0":"post-9128","1":"product","2":"type-product","3":"status-publish","4":"has-post-thumbnail","6":"product_cat-non-classe","7":"product_cat-soins-des-levres","9":"first","10":"instock","11":"shipping-taxable","12":"purchasable","13":"product-type-simple"},"_links":{"self":[{"href":"https:\/\/parashopnarimel.com\/ar\/wp-json\/wp\/v2\/product\/9128","targetHints":{"allow":["GET"]}}],"collection":[{"href":"https:\/\/parashopnarimel.com\/ar\/wp-json\/wp\/v2\/product"}],"about":[{"href":"https:\/\/parashopnarimel.com\/ar\/wp-json\/wp\/v2\/types\/product"}],"replies":[{"embeddable":true,"href":"https:\/\/parashopnarimel.com\/ar\/wp-json\/wp\/v2\/comments?post=9128"}],"version-history":[{"count":3,"href":"https:\/\/parashopnarimel.com\/ar\/wp-json\/wp\/v2\/product\/9128\/revisions"}],"predecessor-version":[{"id":12432,"href":"https:\/\/parashopnarimel.com\/ar\/wp-json\/wp\/v2\/product\/9128\/revisions\/12432"}],"wp:featuredmedia":[{"embeddable":true,"href":"https:\/\/parashopnarimel.com\/ar\/wp-json\/wp\/v2\/media\/9204"}],"wp:attachment":[{"href":"https:\/\/parashopnarimel.com\/ar\/wp-json\/wp\/v2\/media?parent=9128"}],"wp:term":[{"taxonomy":"product_brand","embeddable":true,"href":"https:\/\/parashopnarimel.com\/ar\/wp-json\/wp\/v2\/product_brand?post=9128"},{"taxonomy":"product_cat","embeddable":true,"href":"https:\/\/parashopnarimel.com\/ar\/wp-json\/wp\/v2\/product_cat?post=9128"},{"taxonomy":"product_tag","embeddable":true,"href":"https:\/\/parashopnarimel.com\/ar\/wp-json\/wp\/v2\/product_tag?post=9128"}],"curies":[{"name":"wp","href":"https:\/\/api.w.org\/{rel}","templated":true}]}}