{"id":9129,"date":"2025-01-06T06:56:02","date_gmt":"2025-01-06T06:56:02","guid":{"rendered":"https:\/\/parashopnarimel.com\/?post_type=product&#038;p=9129"},"modified":"2025-07-17T13:11:23","modified_gmt":"2025-07-17T13:11:23","slug":"nuxe-huile-prodigieuse-florale-100ml","status":"publish","type":"product","link":"https:\/\/parashopnarimel.com\/ar\/product\/nuxe-huile-prodigieuse-florale-100ml\/","title":{"rendered":"Nuxe Huile Prodigieuse Florale 100ml"},"content":{"rendered":"<p>Succombez au cocktail mythique de 7 huiles pr\u00e9cieuses 100% v\u00e9g\u00e9tales de l\u2019huile hydratante qui nourrit et r\u00e9pare en un seul geste visage, corps et cheveux. Un soin de peau et d\u2019esprit, qui sublime aussi bien la douceur de votre peau qu\u2019il vous connecte \u00e0 vos sens.<br \/>\nL\u2019Huile Prodigieuse\u00a0Florale vous fait rayonner d\u2018un irr\u00e9sistible \u00e9clat satin\u00e9 sans fini gras gr\u00e2ce \u00e0 sa texture au toucher sec inimitable. Son parfum floral aux notes joyeuses a le don de vous donner le sourire.<br \/>\nSon efficacit\u00e9 est prouv\u00e9e :<br \/>\n\u2013 Une action protectrice anti-pollution d\u00e9montr\u00e9e par un test instrumental.<br \/>\n\u2013 Elle att\u00e9nue l\u2019apparence des vergetures (scorage effectu\u00e9 par un dermatologue)<br \/>\n\u2013 La peau est hydrat\u00e9e pendant 8h.<br \/>\nElle est plus douce pour 100% des femmes, nourrie et r\u00e9par\u00e9e pour 97%\u00a0d\u2019entre elles. Les cheveux sont nourris, r\u00e9par\u00e9s et souples.<br \/>\nConseils d\u2019utilisation<br \/>\nUtilisez l\u2019Huile Prodigieuse\u00ae\u00a0Florale toute l\u2019ann\u00e9e, hiver comme \u00e9t\u00e9, sur votre visage, votre corps et vos cheveux.<br \/>\nAvant de l\u2019appliquer, chauffez l\u2019huile entre vos mains, puis placez les en coupe sous votre nez en inspirant pour profiter des bienfaits de son parfum sur votre esprit.<\/p>\n<p>Sur le visage, utilisez-la seule ou en m\u00e9langeant quelques gouttes dans le creux de la main avec votre cr\u00e8me NUXE. Etalez par mouvements de lissage du centre vers les contours du visage.<br \/>\nSur le corps, appliquez-la en mouvements circulaires (buste, jambes,\u2026) en insistant sur les zones les plus s\u00e8ches et\/ou sujettes aux vergetures.<br \/>\nSur les cheveux, appliquez sur les longueurs et les pointes aussi souvent que n\u00e9cessaire. Pour un effet soin intense, appliquez la 1 \u00e0 2 fois par semaine comme un masque sur l\u2019ensemble de la chevelure. Laissez poser pendant 10 minutes avant votre shampooing.<\/p>","protected":false},"excerpt":{"rendered":"<p>Nuxe Huile Prodigieuse Florale<\/p>","protected":false},"featured_media":9206,"comment_status":"open","ping_status":"closed","template":"","meta":[],"product_brand":[],"product_cat":[96,33,2916,2920],"product_tag":[],"class_list":{"0":"post-9129","1":"product","2":"type-product","3":"status-publish","4":"has-post-thumbnail","6":"product_cat-non-classe","7":"product_cat-cheveux","8":"product_cat-huiles","9":"product_cat-huiles-et-spray","11":"first","12":"outofstock","13":"shipping-taxable","14":"purchasable","15":"product-type-simple"},"_links":{"self":[{"href":"https:\/\/parashopnarimel.com\/ar\/wp-json\/wp\/v2\/product\/9129","targetHints":{"allow":["GET"]}}],"collection":[{"href":"https:\/\/parashopnarimel.com\/ar\/wp-json\/wp\/v2\/product"}],"about":[{"href":"https:\/\/parashopnarimel.com\/ar\/wp-json\/wp\/v2\/types\/product"}],"replies":[{"embeddable":true,"href":"https:\/\/parashopnarimel.com\/ar\/wp-json\/wp\/v2\/comments?post=9129"}],"version-history":[{"count":2,"href":"https:\/\/parashopnarimel.com\/ar\/wp-json\/wp\/v2\/product\/9129\/revisions"}],"predecessor-version":[{"id":12439,"href":"https:\/\/parashopnarimel.com\/ar\/wp-json\/wp\/v2\/product\/9129\/revisions\/12439"}],"wp:featuredmedia":[{"embeddable":true,"href":"https:\/\/parashopnarimel.com\/ar\/wp-json\/wp\/v2\/media\/9206"}],"wp:attachment":[{"href":"https:\/\/parashopnarimel.com\/ar\/wp-json\/wp\/v2\/media?parent=9129"}],"wp:term":[{"taxonomy":"product_brand","embeddable":true,"href":"https:\/\/parashopnarimel.com\/ar\/wp-json\/wp\/v2\/product_brand?post=9129"},{"taxonomy":"product_cat","embeddable":true,"href":"https:\/\/parashopnarimel.com\/ar\/wp-json\/wp\/v2\/product_cat?post=9129"},{"taxonomy":"product_tag","embeddable":true,"href":"https:\/\/parashopnarimel.com\/ar\/wp-json\/wp\/v2\/product_tag?post=9129"}],"curies":[{"name":"wp","href":"https:\/\/api.w.org\/{rel}","templated":true}]}}