{"id":9130,"date":"2025-01-06T06:56:02","date_gmt":"2025-01-06T06:56:02","guid":{"rendered":"https:\/\/parashopnarimel.com\/?post_type=product&#038;p=9130"},"modified":"2026-04-11T10:25:03","modified_gmt":"2026-04-11T10:25:03","slug":"nuxe-huile-prodigieuse-100ml","status":"publish","type":"product","link":"https:\/\/parashopnarimel.com\/ar\/product\/nuxe-huile-prodigieuse-100ml\/","title":{"rendered":"Nuxe Huile Prodigieuse 100ml"},"content":{"rendered":"<p>L\u2019huile prodigieuse\u00a0de\u00a0NUXE, offre une\u00a0hydratation longue dur\u00e9e\u00a0du visage, du corps et des cheveux.<br \/>\nDot\u00e9e d\u2019une\u00a0action anti-oxydante, d\u2019un effet \u00ab\u00a0bouclier anti-pollution\u00a0\u00bb, elle\u00a0r\u00e9duit\u00a0\u00e9galement l\u2019apparence des vergetures.<br \/>\nElle vous procure un vrai\u00a0moment de plaisir\u00a0gr\u00e2ce \u00e0 sa texture et son parfum d\u00e9licat.<\/p>\n<p><strong>Conseils d\u2019utilisation:<\/strong><\/p>\n<p><em><strong>Comment utiliser l\u2019huile prodigieuse de NUXE ?<\/strong><\/em><br \/>\nUtiliser l\u2019Huile Prodigieuse toute l\u2019ann\u00e9e, hiver comme \u00e9t\u00e9, sur le visage, le corps et les cheveux.<br \/>\nSur le visage:\u00a0Appliquez une fois par jour par mouvements de lissage du centre vers le contour du visage et sur le d\u00e9collet\u00e9.<br \/>\nElle peut s\u2019utiliser seule ou en m\u00e9langeant quelques gouttes dans le creux de la main avec son soin quotidien habituel.<br \/>\nSur le corps:\u00a0Massez en mouvements circulaires sur les zones d\u00e9sir\u00e9es (buste, jambes,\u2026) et sur les vergetures.<br \/>\nSur les cheveux:\u00a0S\u2019utilise en huile capillaire sur les longueurs et les pointes aussi souvent que n\u00e9cessaire.<br \/>\nPour un effet soin intense, appliquer une \u00e0 deux fois par semaine en masque pendant 10 minutes avant le shampooing.<\/p>","protected":false},"excerpt":{"rendered":"<p>Nuxe Huile Prodigieuse<\/p>","protected":false},"featured_media":9208,"comment_status":"open","ping_status":"closed","template":"","meta":[],"product_brand":[],"product_cat":[96,33,2916,2920,2886],"product_tag":[],"class_list":{"0":"post-9130","1":"product","2":"type-product","3":"status-publish","4":"has-post-thumbnail","6":"product_cat-non-classe","7":"product_cat-cheveux","8":"product_cat-huiles","9":"product_cat-huiles-et-spray","10":"product_cat-soins-corps","12":"first","13":"instock","14":"shipping-taxable","15":"purchasable","16":"product-type-simple"},"_links":{"self":[{"href":"https:\/\/parashopnarimel.com\/ar\/wp-json\/wp\/v2\/product\/9130","targetHints":{"allow":["GET"]}}],"collection":[{"href":"https:\/\/parashopnarimel.com\/ar\/wp-json\/wp\/v2\/product"}],"about":[{"href":"https:\/\/parashopnarimel.com\/ar\/wp-json\/wp\/v2\/types\/product"}],"replies":[{"embeddable":true,"href":"https:\/\/parashopnarimel.com\/ar\/wp-json\/wp\/v2\/comments?post=9130"}],"version-history":[{"count":3,"href":"https:\/\/parashopnarimel.com\/ar\/wp-json\/wp\/v2\/product\/9130\/revisions"}],"predecessor-version":[{"id":12441,"href":"https:\/\/parashopnarimel.com\/ar\/wp-json\/wp\/v2\/product\/9130\/revisions\/12441"}],"wp:featuredmedia":[{"embeddable":true,"href":"https:\/\/parashopnarimel.com\/ar\/wp-json\/wp\/v2\/media\/9208"}],"wp:attachment":[{"href":"https:\/\/parashopnarimel.com\/ar\/wp-json\/wp\/v2\/media?parent=9130"}],"wp:term":[{"taxonomy":"product_brand","embeddable":true,"href":"https:\/\/parashopnarimel.com\/ar\/wp-json\/wp\/v2\/product_brand?post=9130"},{"taxonomy":"product_cat","embeddable":true,"href":"https:\/\/parashopnarimel.com\/ar\/wp-json\/wp\/v2\/product_cat?post=9130"},{"taxonomy":"product_tag","embeddable":true,"href":"https:\/\/parashopnarimel.com\/ar\/wp-json\/wp\/v2\/product_tag?post=9130"}],"curies":[{"name":"wp","href":"https:\/\/api.w.org\/{rel}","templated":true}]}}