{"id":9280,"date":"2025-01-06T06:57:28","date_gmt":"2025-01-06T06:57:28","guid":{"rendered":"https:\/\/parashopnarimel.com\/?post_type=product&#038;p=9280"},"modified":"2025-01-19T09:49:58","modified_gmt":"2025-01-19T09:49:58","slug":"cosrx-tonique-sans-alcool-a-leau-de-centella-150ml","status":"publish","type":"product","link":"https:\/\/parashopnarimel.com\/ar\/product\/cosrx-tonique-sans-alcool-a-leau-de-centella-150ml\/","title":{"rendered":"COSRX Tonique sans alcool \u00e0 l&rsquo;eau de Centella 150ml"},"content":{"rendered":"<p>Apaisant &amp; Hydratant !\u00a0Ce dont les propri\u00e9taires de peaux sensibles ont besoin<br \/>\nLe toner aqueux de type vaporisateur soulage les peaux irrit\u00e9es et sensibles et calme les rougeurs.\u00a0Nous avons gard\u00e9 la liste des ingr\u00e9dients courte et simple et excluons tous les ingr\u00e9dients inutiles qui pourraient irriter la peau.<br \/>\nAVANTAGES<br \/>\n\u2022 Apporter des min\u00e9raux \u00e0 la peau<br \/>\n\u2022 Apaiser les peaux sensibles<br \/>\nConseils d\u2019utilisation<br \/>\nApr\u00e8s le nettoyage, vaporisez le toner sur un coton et essuyez doucement sur le visage, en \u00e9vitant le contour des yeux et de la bouche.\u00a0Utilisez-le en brumisation pour vous rafra\u00eechir tout au long de la journ\u00e9e.<\/p>","protected":false},"excerpt":{"rendered":"<p>Apaisant &amp; Hydratant !\u00a0Ce dont les propri\u00e9taires de peaux sensibles ont besoin Le toner aqueux de type vaporisateur soulage les<\/p>","protected":false},"featured_media":9316,"comment_status":"open","ping_status":"closed","template":"","meta":[],"product_brand":[],"product_cat":[96,2905],"product_tag":[],"class_list":{"0":"post-9280","1":"product","2":"type-product","3":"status-publish","4":"has-post-thumbnail","6":"product_cat-non-classe","7":"product_cat-lotion","9":"first","10":"instock","11":"shipping-taxable","12":"purchasable","13":"product-type-simple"},"_links":{"self":[{"href":"https:\/\/parashopnarimel.com\/ar\/wp-json\/wp\/v2\/product\/9280","targetHints":{"allow":["GET"]}}],"collection":[{"href":"https:\/\/parashopnarimel.com\/ar\/wp-json\/wp\/v2\/product"}],"about":[{"href":"https:\/\/parashopnarimel.com\/ar\/wp-json\/wp\/v2\/types\/product"}],"replies":[{"embeddable":true,"href":"https:\/\/parashopnarimel.com\/ar\/wp-json\/wp\/v2\/comments?post=9280"}],"version-history":[{"count":2,"href":"https:\/\/parashopnarimel.com\/ar\/wp-json\/wp\/v2\/product\/9280\/revisions"}],"predecessor-version":[{"id":11924,"href":"https:\/\/parashopnarimel.com\/ar\/wp-json\/wp\/v2\/product\/9280\/revisions\/11924"}],"wp:featuredmedia":[{"embeddable":true,"href":"https:\/\/parashopnarimel.com\/ar\/wp-json\/wp\/v2\/media\/9316"}],"wp:attachment":[{"href":"https:\/\/parashopnarimel.com\/ar\/wp-json\/wp\/v2\/media?parent=9280"}],"wp:term":[{"taxonomy":"product_brand","embeddable":true,"href":"https:\/\/parashopnarimel.com\/ar\/wp-json\/wp\/v2\/product_brand?post=9280"},{"taxonomy":"product_cat","embeddable":true,"href":"https:\/\/parashopnarimel.com\/ar\/wp-json\/wp\/v2\/product_cat?post=9280"},{"taxonomy":"product_tag","embeddable":true,"href":"https:\/\/parashopnarimel.com\/ar\/wp-json\/wp\/v2\/product_tag?post=9280"}],"curies":[{"name":"wp","href":"https:\/\/api.w.org\/{rel}","templated":true}]}}