{"id":9357,"date":"2025-01-06T06:58:15","date_gmt":"2025-01-06T06:58:15","guid":{"rendered":"https:\/\/parashopnarimel.com\/?post_type=product&#038;p=9357"},"modified":"2025-01-22T21:23:58","modified_gmt":"2025-01-22T21:23:58","slug":"cosrx-kit-tout-sur-lescargot-4-etapes","status":"publish","type":"product","link":"https:\/\/parashopnarimel.com\/ar\/product\/cosrx-kit-tout-sur-lescargot-4-etapes\/","title":{"rendered":"COSRX Kit Tout Sur L&rsquo;escargot 4 \u00e9tapes"},"content":{"rendered":"<p>AVANTAGES<br \/>\n\u2022 R\u00e9parateur<br \/>\n\u2022 Apaisant<br \/>\n\u2022 Hydratant<br \/>\nCIBLES<br \/>\n\u2022 Probl\u00e8me de peau<br \/>\n\u2022 D\u00e9shydrat\u00e9e<br \/>\n\u2022 Tendance \u00e0 l\u2019acn\u00e9<br \/>\n\u2022 Taches brunes<br \/>\nConseils d\u2019utilisation<br \/>\n\u00c9TAPE 1. Advanced Snail Mucin Gel Cleanser<\/p>\n<p>Massez doucement le nettoyant sur la peau humide.\u00a0Rincer abondamment \u00e0 l\u2019eau ti\u00e8de.<br \/>\n\u00c9TAPE 2. Advanced Snail 96 Mucin Power Essence<br \/>\nAppliquez une quantit\u00e9 appropri\u00e9e uniform\u00e9ment, en \u00e9vitant le contour des yeux.<br \/>\n\u00c9TAPE 3. Advanced Snail Peptide Eye Cream<br \/>\nAppliquez une quantit\u00e9 appropri\u00e9e autour de la zone des yeux.\u00a0Tapotez doucement du bout des doigts pour une absorption rapide.<br \/>\n\u00c9TAPE 4. Advanced Snail 92 All In One Cream<br \/>\nAppliquez une quantit\u00e9 appropri\u00e9e uniform\u00e9ment, en \u00e9vitant le contour des yeux.<\/p>","protected":false},"excerpt":{"rendered":"<p>AVANTAGES \u2022 R\u00e9parateur \u2022 Apaisant \u2022 Hydratant CIBLES \u2022 Probl\u00e8me de peau \u2022 D\u00e9shydrat\u00e9e \u2022 Tendance \u00e0 l\u2019acn\u00e9 \u2022 Taches<\/p>","protected":false},"featured_media":9395,"comment_status":"open","ping_status":"closed","template":"","meta":[],"product_brand":[],"product_cat":[96,2899,29,2905,22,30],"product_tag":[],"class_list":{"0":"post-9357","1":"product","2":"type-product","3":"status-publish","4":"has-post-thumbnail","6":"product_cat-non-classe","7":"product_cat-coffret","8":"product_cat-creme","9":"product_cat-lotion","10":"product_cat-nettoyant","11":"product_cat-soins-des-yeux","13":"first","14":"instock","15":"sale","16":"shipping-taxable","17":"purchasable","18":"product-type-simple"},"_links":{"self":[{"href":"https:\/\/parashopnarimel.com\/ar\/wp-json\/wp\/v2\/product\/9357","targetHints":{"allow":["GET"]}}],"collection":[{"href":"https:\/\/parashopnarimel.com\/ar\/wp-json\/wp\/v2\/product"}],"about":[{"href":"https:\/\/parashopnarimel.com\/ar\/wp-json\/wp\/v2\/types\/product"}],"replies":[{"embeddable":true,"href":"https:\/\/parashopnarimel.com\/ar\/wp-json\/wp\/v2\/comments?post=9357"}],"version-history":[{"count":2,"href":"https:\/\/parashopnarimel.com\/ar\/wp-json\/wp\/v2\/product\/9357\/revisions"}],"predecessor-version":[{"id":11965,"href":"https:\/\/parashopnarimel.com\/ar\/wp-json\/wp\/v2\/product\/9357\/revisions\/11965"}],"wp:featuredmedia":[{"embeddable":true,"href":"https:\/\/parashopnarimel.com\/ar\/wp-json\/wp\/v2\/media\/9395"}],"wp:attachment":[{"href":"https:\/\/parashopnarimel.com\/ar\/wp-json\/wp\/v2\/media?parent=9357"}],"wp:term":[{"taxonomy":"product_brand","embeddable":true,"href":"https:\/\/parashopnarimel.com\/ar\/wp-json\/wp\/v2\/product_brand?post=9357"},{"taxonomy":"product_cat","embeddable":true,"href":"https:\/\/parashopnarimel.com\/ar\/wp-json\/wp\/v2\/product_cat?post=9357"},{"taxonomy":"product_tag","embeddable":true,"href":"https:\/\/parashopnarimel.com\/ar\/wp-json\/wp\/v2\/product_tag?post=9357"}],"curies":[{"name":"wp","href":"https:\/\/api.w.org\/{rel}","templated":true}]}}