{"id":9403,"date":"2025-01-06T06:58:39","date_gmt":"2025-01-06T06:58:39","guid":{"rendered":"https:\/\/parashopnarimel.com\/?post_type=product&#038;p=9403"},"modified":"2026-03-31T22:06:55","modified_gmt":"2026-03-31T22:06:55","slug":"hi-quin-4-creme-30g-%d9%87%d8%a7%d9%8a-%d9%83%d9%88%d9%8a%d9%86","status":"publish","type":"product","link":"https:\/\/parashopnarimel.com\/ar\/product\/hi-quin-4-creme-30g-%d9%87%d8%a7%d9%8a-%d9%83%d9%88%d9%8a%d9%86\/","title":{"rendered":"Hi Quin 4% Cr\u00e8me 30g \u0647\u0627\u064a \u0643\u0648\u064a\u0646"},"content":{"rendered":"<p>L\u2019hydroquinone est utilis\u00e9e localement pour \u00e9claircir les zones de la peau qui sont devenues plus fonc\u00e9es (hyperpigmentation) en raison de taches de rousseur, de m\u00e9lasma (taches brunes sur la peau), de cicatrices d\u2019acn\u00e9 ou de taches de vieillesse.<br \/>\nNe pas utiliser l\u2019hydroquinone :<br \/>\n\u2022 Si vous \u00eates allergique \u00e0 la substance active ou \u00e0 tout autre composant de ce m\u00e9dicament.<br \/>\nMises en garde et pr\u00e9cautions :<br \/>\n\u2022 Parlez \u00e0 votre m\u00e9decin de toutes vos conditions m\u00e9dicales avant d\u2019utiliser ce m\u00e9dicament.<br \/>\n\u2022 Informez votre m\u00e9decin si vous \u00eates allergique aux sulfites.<br \/>\n\u2022 Il est important d\u2019utiliser un \u00e9cran solaire pendant le traitement \u00e0 l\u2019hydroquinone. Cela peut affecter l\u2019efficacit\u00e9 de ce m\u00e9dicament.<br \/>\n\u2022 Faites un test sur une petite zone de votre peau avant de l\u2019utiliser sur des zones plus \u00e9tendues.<br \/>\n\u2022 L\u2019hydroquinone peut provoquer un assombrissement progressif bleu-noir de la peau. Si cela se produit, arr\u00eatez de l\u2019utiliser et consultez votre m\u00e9decin.<br \/>\nEffets secondaires possibles :<br \/>\nArr\u00eatez d\u2019utiliser ce produit et demandez imm\u00e9diatement une aide m\u00e9dicale si vous d\u00e9veloppez une \u00e9ruption cutan\u00e9e, des urticaires, des d\u00e9mangeaisons, une peau rouge, enfl\u00e9e, cloqu\u00e9e ou qui p\u00e8le, une respiration sifflante, une sensation de serrement dans la poitrine ou la gorge, des difficult\u00e9s \u00e0 respirer, avaler ou parler, une enrouement inhabituel ou un gonflement de la bouche, du visage, des l\u00e8vres, de la langue ou de la gorge.<br \/>\nLes effets secondaires incluent :<br \/>\n\u2022 R\u00e9actions cutan\u00e9es allergiques<br \/>\n\u2022 Rougeur<br \/>\n\u2022 Picotements sur le site d\u2019application<br \/>\n\u2022 S\u00e9cheresse<br \/>\nAutres m\u00e9dicaments et hydroquinone :<br \/>\nInformez votre m\u00e9decin de tous les m\u00e9dicaments que vous prenez.<br \/>\nComment utiliser l\u2019hydroquinone :<br \/>\n\u2022 Ce m\u00e9dicament est destin\u00e9 aux adultes et aux enfants de 12 ans et plus.<br \/>\n\u2022 Ce m\u00e9dicament est \u00e0 usage externe. \u00c9vitez tout contact avec la bouche, le nez et les yeux.<br \/>\n\u2022 Utilisez comme indiqu\u00e9 par votre m\u00e9decin.<br \/>\n\u2022 Lavez-vous les mains avant et apr\u00e8s utilisation.<br \/>\n\u2022 Appliquez une fine couche deux fois par jour, le matin et le soir.<br \/>\nComment conserver l\u2019hydroquinone :<br \/>\n\u2022 Conservez \u00e0 une temp\u00e9rature ambiante de 20 \u00e0 25 \u00b0C (68 \u00e0 77 \u00b0F).<br \/>\n\u2022 Gardez ce m\u00e9dicament hors de la port\u00e9e des enfants.<br \/>\n\u2022 N\u2019utilisez pas ce m\u00e9dicament apr\u00e8s la date d\u2019expiration indiqu\u00e9e sur l\u2019emballage. La date d\u2019expiration se r\u00e9f\u00e8re au dernier jour de ce mois.<\/p>\n<p>La forme posologique et la voie d\u2019administration de la cr\u00e8me d\u2019hydroquinone \u00e0 4 % doivent \u00eatre prescrites en fonction de l\u2019indication th\u00e9rapeutique et de la gravit\u00e9 de la maladie chez chaque patient individuel.<\/p>","protected":false},"excerpt":{"rendered":"<p>L\u2019hydroquinone est utilis\u00e9e localement pour \u00e9claircir les zones de la peau qui sont devenues plus fonc\u00e9es (hyperpigmentation) en raison de<\/p>","protected":false},"featured_media":9457,"comment_status":"open","ping_status":"closed","template":"","meta":[],"product_brand":[],"product_cat":[96,1110,29,2911],"product_tag":[],"class_list":{"0":"post-9403","1":"product","2":"type-product","3":"status-publish","4":"has-post-thumbnail","6":"product_cat-non-classe","7":"product_cat-anti-taches","8":"product_cat-creme","9":"product_cat-creme-corps","11":"first","12":"instock","13":"shipping-taxable","14":"purchasable","15":"product-type-simple"},"_links":{"self":[{"href":"https:\/\/parashopnarimel.com\/ar\/wp-json\/wp\/v2\/product\/9403","targetHints":{"allow":["GET"]}}],"collection":[{"href":"https:\/\/parashopnarimel.com\/ar\/wp-json\/wp\/v2\/product"}],"about":[{"href":"https:\/\/parashopnarimel.com\/ar\/wp-json\/wp\/v2\/types\/product"}],"replies":[{"embeddable":true,"href":"https:\/\/parashopnarimel.com\/ar\/wp-json\/wp\/v2\/comments?post=9403"}],"version-history":[{"count":2,"href":"https:\/\/parashopnarimel.com\/ar\/wp-json\/wp\/v2\/product\/9403\/revisions"}],"predecessor-version":[{"id":12008,"href":"https:\/\/parashopnarimel.com\/ar\/wp-json\/wp\/v2\/product\/9403\/revisions\/12008"}],"wp:featuredmedia":[{"embeddable":true,"href":"https:\/\/parashopnarimel.com\/ar\/wp-json\/wp\/v2\/media\/9457"}],"wp:attachment":[{"href":"https:\/\/parashopnarimel.com\/ar\/wp-json\/wp\/v2\/media?parent=9403"}],"wp:term":[{"taxonomy":"product_brand","embeddable":true,"href":"https:\/\/parashopnarimel.com\/ar\/wp-json\/wp\/v2\/product_brand?post=9403"},{"taxonomy":"product_cat","embeddable":true,"href":"https:\/\/parashopnarimel.com\/ar\/wp-json\/wp\/v2\/product_cat?post=9403"},{"taxonomy":"product_tag","embeddable":true,"href":"https:\/\/parashopnarimel.com\/ar\/wp-json\/wp\/v2\/product_tag?post=9403"}],"curies":[{"name":"wp","href":"https:\/\/api.w.org\/{rel}","templated":true}]}}