{"id":9404,"date":"2025-01-06T06:58:40","date_gmt":"2025-01-06T06:58:40","guid":{"rendered":"https:\/\/parashopnarimel.com\/?post_type=product&#038;p=9404"},"modified":"2025-02-16T17:38:48","modified_gmt":"2025-02-16T17:38:48","slug":"acretin-0-05-creme-30-g","status":"publish","type":"product","link":"https:\/\/parashopnarimel.com\/ar\/product\/acretin-0-05-creme-30-g\/","title":{"rendered":"Acretin 0.05% Cr\u00e8me 30 g"},"content":{"rendered":"<p>La tr\u00e9tino\u00efne est un m\u00e9dicament utilis\u00e9 pour le traitement de l\u2019acn\u00e9 vulgaire, un trouble cutan\u00e9 inflammatoire connu sous le nom d\u2019acn\u00e9 commune, caus\u00e9 par des follicules pileux obstru\u00e9s par du s\u00e9bum et des cellules mortes de la peau, entra\u00eenant des points noirs, des com\u00e9dons ou des boutons.<br \/>\nLa s\u00e9curit\u00e9 et l\u2019efficacit\u00e9 de l\u2019utilisation \u00e0 long terme de ce m\u00e9dicament dans le traitement d\u2019autres maladies n\u2019ont pas \u00e9t\u00e9 \u00e9tablies.<br \/>\nNe pas utiliser la tr\u00e9tino\u00efne : Si vous \u00eates allergique \u00e0 la tr\u00e9tino\u00efne ou \u00e0 l\u2019un des ingr\u00e9dients pr\u00e9sents dans ce produit.<br \/>\nMises en garde et pr\u00e9cautions : Arr\u00eatez imm\u00e9diatement le m\u00e9dicament et parlez \u00e0 votre m\u00e9decin ou \u00e0 votre pharmacien si vous d\u00e9veloppez des r\u00e9actions allergiques ou cutan\u00e9es \u00e0 l\u2019un des ingr\u00e9dients pr\u00e9sents dans ce gel, telles que des d\u00e9mangeaisons cutan\u00e9es, des rougeurs, des difficult\u00e9s respiratoires, des \u00e9ruptions cutan\u00e9es, un gonflement du visage ou du cou, une baisse de la pression art\u00e9rielle et des \u00e9tourdissements. Ce m\u00e9dicament est destin\u00e9 \u00e0 un usage topique externe uniquement. Ne pas avaler ce produit. Gardez le tube ferm\u00e9 herm\u00e9tiquement.<br \/>\nCe m\u00e9dicament peut entra\u00eener des rougeurs, un gonflement, une formation de cro\u00fbtes et une desquamation sur le site d\u2019application. Certains patients peuvent \u00e9galement constater que leur peau commence \u00e0 rougir. Ces r\u00e9actions cutan\u00e9es ne se produisent pas chez tous les patients et sont plus susceptibles de se produire au cours des premiers jours de traitement et g\u00e9n\u00e9ralement s\u2019estompent lorsque l\u2019utilisation de la tr\u00e9tino\u00efne se poursuit.<br \/>\nLa tr\u00e9tino\u00efne peut provoquer un changement de couleur de votre peau qui revient g\u00e9n\u00e9ralement \u00e0 la normale lorsque vous cessez de l\u2019utiliser ou lorsque votre peau s\u2019y habitue.<br \/>\nNe partagez pas votre m\u00e9dicament avec d\u2019autres personnes.<br \/>\nN\u2019appliquez pas ce produit sur une peau bless\u00e9e.<br \/>\nUne exposition excessive au soleil naturel ou artificiel peut augmenter le risque de coup de soleil.<\/p>","protected":false},"excerpt":{"rendered":"<p>La tr\u00e9tino\u00efne est un m\u00e9dicament utilis\u00e9 pour le traitement de l\u2019acn\u00e9 vulgaire, un trouble cutan\u00e9 inflammatoire connu sous le nom<\/p>","protected":false},"featured_media":9459,"comment_status":"open","ping_status":"closed","template":"","meta":[],"product_brand":[],"product_cat":[96,29],"product_tag":[],"class_list":{"0":"post-9404","1":"product","2":"type-product","3":"status-publish","4":"has-post-thumbnail","6":"product_cat-non-classe","7":"product_cat-creme","9":"first","10":"instock","11":"shipping-taxable","12":"purchasable","13":"product-type-simple"},"_links":{"self":[{"href":"https:\/\/parashopnarimel.com\/ar\/wp-json\/wp\/v2\/product\/9404","targetHints":{"allow":["GET"]}}],"collection":[{"href":"https:\/\/parashopnarimel.com\/ar\/wp-json\/wp\/v2\/product"}],"about":[{"href":"https:\/\/parashopnarimel.com\/ar\/wp-json\/wp\/v2\/types\/product"}],"replies":[{"embeddable":true,"href":"https:\/\/parashopnarimel.com\/ar\/wp-json\/wp\/v2\/comments?post=9404"}],"version-history":[{"count":2,"href":"https:\/\/parashopnarimel.com\/ar\/wp-json\/wp\/v2\/product\/9404\/revisions"}],"predecessor-version":[{"id":12007,"href":"https:\/\/parashopnarimel.com\/ar\/wp-json\/wp\/v2\/product\/9404\/revisions\/12007"}],"wp:featuredmedia":[{"embeddable":true,"href":"https:\/\/parashopnarimel.com\/ar\/wp-json\/wp\/v2\/media\/9459"}],"wp:attachment":[{"href":"https:\/\/parashopnarimel.com\/ar\/wp-json\/wp\/v2\/media?parent=9404"}],"wp:term":[{"taxonomy":"product_brand","embeddable":true,"href":"https:\/\/parashopnarimel.com\/ar\/wp-json\/wp\/v2\/product_brand?post=9404"},{"taxonomy":"product_cat","embeddable":true,"href":"https:\/\/parashopnarimel.com\/ar\/wp-json\/wp\/v2\/product_cat?post=9404"},{"taxonomy":"product_tag","embeddable":true,"href":"https:\/\/parashopnarimel.com\/ar\/wp-json\/wp\/v2\/product_tag?post=9404"}],"curies":[{"name":"wp","href":"https:\/\/api.w.org\/{rel}","templated":true}]}}