{"id":9436,"date":"2025-01-06T06:59:01","date_gmt":"2025-01-06T06:59:01","guid":{"rendered":"https:\/\/parashopnarimel.com\/?post_type=product&#038;p=9436"},"modified":"2025-01-19T09:48:00","modified_gmt":"2025-01-19T09:48:00","slug":"avene-fluide-sans-parfum-spf-50-ultra-leger-50ml","status":"publish","type":"product","link":"https:\/\/parashopnarimel.com\/ar\/product\/avene-fluide-sans-parfum-spf-50-ultra-leger-50ml\/","title":{"rendered":"Av\u00e9ne Fluide sans parfum SPF 50+ Ultra-L\u00e9ger 50ml"},"content":{"rendered":"<p>La texture l\u00e9g\u00e8re Sensation peau nue du\u00a0Fluide sans parfum SPF 50+\u00a0laisse sur la peau un fini sec, imperceptible et non brillant. Une\u00a0tr\u00e8s haute protection solaire id\u00e9ale pour la peau sensible normale \u00e0 mixte du visage, expos\u00e9e \u00e0 un ensoleillement intense et\/ou toujours sujettes aux coups de soleil.<br \/>\nAu coeur du\u00a0Fluide sans parfum SPF 50+, fluide solaire, l\u2019association exclusive Sunsitive\u00ae protection, issue de la Recherche Pierre Fabre et compos\u00e9e :<br \/>\n\u2013 D\u2019un syst\u00e8me filtrant brevet\u00e9 contenant seulement quatre filtres solaires, pour une tr\u00e8s large protection UVB-UVA stable et une tol\u00e9rance cutan\u00e9e optimale.<br \/>\n\u2013 De Provitamine E (Pr\u00e9-tocoph\u00e9ryl), puissant antioxydant, pour une protection des cellules des radicaux libres.<br \/>\n\u2013 D\u2019Eau thermale d\u2019Av\u00e8ne reconnue pour ses propri\u00e9t\u00e9s apaisantes, anti-irritantes et adoucissantes.<br \/>\nSon flacon-pompe airless permet de doser facilement la juste quantit\u00e9 de produit \u00e0 appliquer.<\/p>\n<p>Conseils d\u2019utilisation<\/p>\n<p>Avant toute exposition au soleil, appliquer 6 doses en moyenne sur le visage et le cou.<\/p>","protected":false},"excerpt":{"rendered":"<p>La texture l\u00e9g\u00e8re Sensation peau nue du\u00a0Fluide sans parfum SPF 50+\u00a0laisse sur la peau un fini sec, imperceptible et non<\/p>","protected":false},"featured_media":9461,"comment_status":"open","ping_status":"closed","template":"","meta":[],"product_brand":[],"product_cat":[96,147],"product_tag":[],"class_list":{"0":"post-9436","1":"product","2":"type-product","3":"status-publish","4":"has-post-thumbnail","6":"product_cat-non-classe","7":"product_cat-protection-solaire-visage","9":"first","10":"instock","11":"shipping-taxable","12":"purchasable","13":"product-type-simple"},"_links":{"self":[{"href":"https:\/\/parashopnarimel.com\/ar\/wp-json\/wp\/v2\/product\/9436","targetHints":{"allow":["GET"]}}],"collection":[{"href":"https:\/\/parashopnarimel.com\/ar\/wp-json\/wp\/v2\/product"}],"about":[{"href":"https:\/\/parashopnarimel.com\/ar\/wp-json\/wp\/v2\/types\/product"}],"replies":[{"embeddable":true,"href":"https:\/\/parashopnarimel.com\/ar\/wp-json\/wp\/v2\/comments?post=9436"}],"version-history":[{"count":2,"href":"https:\/\/parashopnarimel.com\/ar\/wp-json\/wp\/v2\/product\/9436\/revisions"}],"predecessor-version":[{"id":11915,"href":"https:\/\/parashopnarimel.com\/ar\/wp-json\/wp\/v2\/product\/9436\/revisions\/11915"}],"wp:featuredmedia":[{"embeddable":true,"href":"https:\/\/parashopnarimel.com\/ar\/wp-json\/wp\/v2\/media\/9461"}],"wp:attachment":[{"href":"https:\/\/parashopnarimel.com\/ar\/wp-json\/wp\/v2\/media?parent=9436"}],"wp:term":[{"taxonomy":"product_brand","embeddable":true,"href":"https:\/\/parashopnarimel.com\/ar\/wp-json\/wp\/v2\/product_brand?post=9436"},{"taxonomy":"product_cat","embeddable":true,"href":"https:\/\/parashopnarimel.com\/ar\/wp-json\/wp\/v2\/product_cat?post=9436"},{"taxonomy":"product_tag","embeddable":true,"href":"https:\/\/parashopnarimel.com\/ar\/wp-json\/wp\/v2\/product_tag?post=9436"}],"curies":[{"name":"wp","href":"https:\/\/api.w.org\/{rel}","templated":true}]}}