{"id":9492,"date":"2025-01-06T06:59:25","date_gmt":"2025-01-06T06:59:25","guid":{"rendered":"https:\/\/parashopnarimel.com\/?post_type=product&#038;p=9492"},"modified":"2025-01-19T09:47:19","modified_gmt":"2025-01-19T09:47:19","slug":"luxeol-masque-fortifiant-cheveux-normaux-200ml","status":"publish","type":"product","link":"https:\/\/parashopnarimel.com\/ar\/product\/luxeol-masque-fortifiant-cheveux-normaux-200ml\/","title":{"rendered":"Luxeol Masque Fortifiant Cheveux Normaux 200ml"},"content":{"rendered":"<p>Le Masque Fortifiant Lux\u00e9ol est \u00e0 destination des personnes souhaitant redonner force et vitalit\u00e9 \u00e0 leurs cheveux. Vos cheveux manquent de vitalit\u00e9 et de force ? D\u00e9couvrez le Masque Fortifiant Lux\u00e9ol, il apporte douceur, nutrition tout en redonnant force et vitalit\u00e9 \u00e0 vos cheveux.<br \/>\nGr\u00e2ce \u00e0 sa formule, le masque fortifiant Lux\u00e9ol prendra soin de vos cheveux en les enveloppant d\u2019un voile de protection. Facile \u00e0 rincer, il va redonner force et vitalit\u00e9 aux cheveux. Vos cheveux seront plus r\u00e9sistants, plus soyeux et leur qualit\u00e9 am\u00e9lior\u00e9e.<br \/>\nConseils d\u2019utilisation<br \/>\nComment utiliser le Masque fortifiant de LUXEOL ?<br \/>\nApr\u00e8s votre Shampooing habituel :<br \/>\nAppliquez g\u00e9n\u00e9reusement sur l\u2019ensemble de vos cheveux : de la racine jusqu\u2019aux pointes, le Masque fortifiant.<br \/>\nLaissez agir deux ou trois minutes.<br \/>\nRincez soigneusement.<\/p>","protected":false},"excerpt":{"rendered":"<p>Le Masque Fortifiant Lux\u00e9ol est \u00e0 destination des personnes souhaitant redonner force et vitalit\u00e9 \u00e0 leurs cheveux. Vos cheveux manquent<\/p>","protected":false},"featured_media":9556,"comment_status":"open","ping_status":"closed","template":"","meta":[],"product_brand":[],"product_cat":[33,2918],"product_tag":[],"class_list":{"0":"post-9492","1":"product","2":"type-product","3":"status-publish","4":"has-post-thumbnail","6":"product_cat-cheveux","7":"product_cat-masque","9":"first","10":"instock","11":"shipping-taxable","12":"purchasable","13":"product-type-simple"},"_links":{"self":[{"href":"https:\/\/parashopnarimel.com\/ar\/wp-json\/wp\/v2\/product\/9492","targetHints":{"allow":["GET"]}}],"collection":[{"href":"https:\/\/parashopnarimel.com\/ar\/wp-json\/wp\/v2\/product"}],"about":[{"href":"https:\/\/parashopnarimel.com\/ar\/wp-json\/wp\/v2\/types\/product"}],"replies":[{"embeddable":true,"href":"https:\/\/parashopnarimel.com\/ar\/wp-json\/wp\/v2\/comments?post=9492"}],"version-history":[{"count":2,"href":"https:\/\/parashopnarimel.com\/ar\/wp-json\/wp\/v2\/product\/9492\/revisions"}],"predecessor-version":[{"id":11920,"href":"https:\/\/parashopnarimel.com\/ar\/wp-json\/wp\/v2\/product\/9492\/revisions\/11920"}],"wp:featuredmedia":[{"embeddable":true,"href":"https:\/\/parashopnarimel.com\/ar\/wp-json\/wp\/v2\/media\/9556"}],"wp:attachment":[{"href":"https:\/\/parashopnarimel.com\/ar\/wp-json\/wp\/v2\/media?parent=9492"}],"wp:term":[{"taxonomy":"product_brand","embeddable":true,"href":"https:\/\/parashopnarimel.com\/ar\/wp-json\/wp\/v2\/product_brand?post=9492"},{"taxonomy":"product_cat","embeddable":true,"href":"https:\/\/parashopnarimel.com\/ar\/wp-json\/wp\/v2\/product_cat?post=9492"},{"taxonomy":"product_tag","embeddable":true,"href":"https:\/\/parashopnarimel.com\/ar\/wp-json\/wp\/v2\/product_tag?post=9492"}],"curies":[{"name":"wp","href":"https:\/\/api.w.org\/{rel}","templated":true}]}}