{"id":9496,"date":"2025-01-06T06:59:25","date_gmt":"2025-01-06T06:59:25","guid":{"rendered":"https:\/\/parashopnarimel.com\/?post_type=product&#038;p=9496"},"modified":"2025-01-19T09:46:51","modified_gmt":"2025-01-19T09:46:51","slug":"acm-depiwhite-gel-contour-de-loeil-15ml","status":"publish","type":"product","link":"https:\/\/parashopnarimel.com\/ar\/product\/acm-depiwhite-gel-contour-de-loeil-15ml\/","title":{"rendered":"ACM D\u00e9piwhite Gel Contour De L\u2019\u0153il 15ml"},"content":{"rendered":"<p>Il att\u00e9nue les cernes par son action \u00e9claircissante, tout en d\u00e9gonflant les poches du contour de l\u2019oeil par son effet d\u00e9congestionnant.<br \/>\nD\u00e9piwhite Gel permet une prise en charge des principaux facteurs responsables de la formation des poches et des cernes autour de l\u2019\u0153il en activant, notamment, la micro circulation.<br \/>\nLe regard est repos\u00e9, sublim\u00e9, lumineux.<br \/>\nConseils d\u2019utilisation<br \/>\nAppliquer le gel contour de l\u2019\u0153il Depiwhite matin et soir sur le contour de l\u2019\u0153il<\/p>","protected":false},"excerpt":{"rendered":"<p>Il att\u00e9nue les cernes par son action \u00e9claircissante, tout en d\u00e9gonflant les poches du contour de l\u2019oeil par son effet<\/p>","protected":false},"featured_media":9564,"comment_status":"open","ping_status":"closed","template":"","meta":[],"product_brand":[],"product_cat":[96,30],"product_tag":[],"class_list":{"0":"post-9496","1":"product","2":"type-product","3":"status-publish","4":"has-post-thumbnail","6":"product_cat-non-classe","7":"product_cat-soins-des-yeux","9":"first","10":"instock","11":"shipping-taxable","12":"purchasable","13":"product-type-simple"},"_links":{"self":[{"href":"https:\/\/parashopnarimel.com\/ar\/wp-json\/wp\/v2\/product\/9496","targetHints":{"allow":["GET"]}}],"collection":[{"href":"https:\/\/parashopnarimel.com\/ar\/wp-json\/wp\/v2\/product"}],"about":[{"href":"https:\/\/parashopnarimel.com\/ar\/wp-json\/wp\/v2\/types\/product"}],"replies":[{"embeddable":true,"href":"https:\/\/parashopnarimel.com\/ar\/wp-json\/wp\/v2\/comments?post=9496"}],"version-history":[{"count":2,"href":"https:\/\/parashopnarimel.com\/ar\/wp-json\/wp\/v2\/product\/9496\/revisions"}],"predecessor-version":[{"id":11921,"href":"https:\/\/parashopnarimel.com\/ar\/wp-json\/wp\/v2\/product\/9496\/revisions\/11921"}],"wp:featuredmedia":[{"embeddable":true,"href":"https:\/\/parashopnarimel.com\/ar\/wp-json\/wp\/v2\/media\/9564"}],"wp:attachment":[{"href":"https:\/\/parashopnarimel.com\/ar\/wp-json\/wp\/v2\/media?parent=9496"}],"wp:term":[{"taxonomy":"product_brand","embeddable":true,"href":"https:\/\/parashopnarimel.com\/ar\/wp-json\/wp\/v2\/product_brand?post=9496"},{"taxonomy":"product_cat","embeddable":true,"href":"https:\/\/parashopnarimel.com\/ar\/wp-json\/wp\/v2\/product_cat?post=9496"},{"taxonomy":"product_tag","embeddable":true,"href":"https:\/\/parashopnarimel.com\/ar\/wp-json\/wp\/v2\/product_tag?post=9496"}],"curies":[{"name":"wp","href":"https:\/\/api.w.org\/{rel}","templated":true}]}}