{"id":9710,"date":"2025-01-06T07:01:35","date_gmt":"2025-01-06T07:01:35","guid":{"rendered":"https:\/\/parashopnarimel.com\/?post_type=product&#038;p=9710"},"modified":"2025-05-30T23:09:01","modified_gmt":"2025-05-30T23:09:01","slug":"expigment-creme-hydroquinone-4-30g","status":"publish","type":"product","link":"https:\/\/parashopnarimel.com\/ar\/product\/expigment-creme-hydroquinone-4-30g\/","title":{"rendered":"Expigment Cr\u00e8me Hydroquinone 4% 30g\u00a0"},"content":{"rendered":"<p>Expigment 30g\u00a0 Cr\u00e8me Hydroquinone 4% . La cr\u00e8me Expigment (hydroquinone) est\u00a0un agent de blanchiment de la peau qui est utilis\u00e9 pour \u00e9claircir les zones de peau fonc\u00e9e telles que les taches de rousseur, le chloasma (\u00e9galement connu sous le nom de m\u00e9lasma), les taches de vieillesse et les cicatrices d\u2019acn\u00e9<br \/>\nExpigment 4 est une cr\u00e8me d\u00e9pigmentante qui contient de l\u2019hydroquinone, un ingr\u00e9dient actif qui aide \u00e0 r\u00e9duire la production de m\u00e9lanine dans la peau et \u00e0 uniformiser le teint.<br \/>\nConseils d\u2019utilisation<\/p>\n<p>Avant d\u2019utiliser Expigment 4, nettoyez votre peau avec un nettoyant doux et s\u00e9chez-la compl\u00e8tement.<br \/>\nAppliquez une petite quantit\u00e9 de cr\u00e8me sur les zones \u00e0 traiter, en \u00e9vitant le contour des yeux et des l\u00e8vres.<br \/>\nMassez doucement la cr\u00e8me dans la peau jusqu\u2019\u00e0 ce qu\u2019elle soit compl\u00e8tement absorb\u00e9e.<br \/>\nUtilisez Expigment 4 deux fois par jour, le matin et le soir. Il est important de ne pas utiliser la cr\u00e8me plus souvent que cela car cela pourrait irriter la peau.<br \/>\n\u00c9vitez de vous exposer au soleil pendant l\u2019utilisation d\u2019Expigment 4, car cela pourrait aggraver les taches pigmentaires et rendre votre peau plus sensible.<br \/>\nUtilisez une cr\u00e8me solaire avec un indice de protection \u00e9lev\u00e9 (SPF 30 ou plus) tous les jours pour prot\u00e9ger votre peau des rayons UV nocifs.<br \/>\n\u00c9vitez d\u2019utiliser d\u2019autres produits d\u00e9pigmentants en m\u00eame temps que Expigment 4, car cela pourrait entra\u00eener une irritation de la peau.<br \/>\nSi vous remarquez une irritation ou une sensibilit\u00e9 de la peau pendant l\u2019utilisation d\u2019Expigment 4, arr\u00eatez imm\u00e9diatement et consultez un dermatologue.<br \/>\nIl est important de noter que l\u2019utilisation de Expigment 4 doit \u00eatre supervis\u00e9e par un dermatologue, en particulier si vous avez une peau sensible ou si vous avez des ant\u00e9c\u00e9dents de probl\u00e8mes de peau. Le traitement peut prendre plusieurs semaines ou m\u00eame des mois pour donner des r\u00e9sultats visibles, alors soyez patient et continuez \u00e0 utiliser la cr\u00e8me r\u00e9guli\u00e8rement.<\/p>","protected":false},"excerpt":{"rendered":"<p>Expigment 30g\u00a0 Cr\u00e8me Hydroquinone 4% . La cr\u00e8me Expigment (hydroquinone) est\u00a0un agent de blanchiment de la peau qui est utilis\u00e9<\/p>","protected":false},"featured_media":9766,"comment_status":"open","ping_status":"closed","template":"","meta":[],"product_brand":[],"product_cat":[96,1110,29,2911],"product_tag":[],"class_list":{"0":"post-9710","1":"product","2":"type-product","3":"status-publish","4":"has-post-thumbnail","6":"product_cat-non-classe","7":"product_cat-anti-taches","8":"product_cat-creme","9":"product_cat-creme-corps","11":"first","12":"instock","13":"sale","14":"shipping-taxable","15":"purchasable","16":"product-type-simple"},"_links":{"self":[{"href":"https:\/\/parashopnarimel.com\/ar\/wp-json\/wp\/v2\/product\/9710","targetHints":{"allow":["GET"]}}],"collection":[{"href":"https:\/\/parashopnarimel.com\/ar\/wp-json\/wp\/v2\/product"}],"about":[{"href":"https:\/\/parashopnarimel.com\/ar\/wp-json\/wp\/v2\/types\/product"}],"replies":[{"embeddable":true,"href":"https:\/\/parashopnarimel.com\/ar\/wp-json\/wp\/v2\/comments?post=9710"}],"version-history":[{"count":2,"href":"https:\/\/parashopnarimel.com\/ar\/wp-json\/wp\/v2\/product\/9710\/revisions"}],"predecessor-version":[{"id":12009,"href":"https:\/\/parashopnarimel.com\/ar\/wp-json\/wp\/v2\/product\/9710\/revisions\/12009"}],"wp:featuredmedia":[{"embeddable":true,"href":"https:\/\/parashopnarimel.com\/ar\/wp-json\/wp\/v2\/media\/9766"}],"wp:attachment":[{"href":"https:\/\/parashopnarimel.com\/ar\/wp-json\/wp\/v2\/media?parent=9710"}],"wp:term":[{"taxonomy":"product_brand","embeddable":true,"href":"https:\/\/parashopnarimel.com\/ar\/wp-json\/wp\/v2\/product_brand?post=9710"},{"taxonomy":"product_cat","embeddable":true,"href":"https:\/\/parashopnarimel.com\/ar\/wp-json\/wp\/v2\/product_cat?post=9710"},{"taxonomy":"product_tag","embeddable":true,"href":"https:\/\/parashopnarimel.com\/ar\/wp-json\/wp\/v2\/product_tag?post=9710"}],"curies":[{"name":"wp","href":"https:\/\/api.w.org\/{rel}","templated":true}]}}