{"id":9823,"date":"2025-01-06T07:02:34","date_gmt":"2025-01-06T07:02:34","guid":{"rendered":"https:\/\/parashopnarimel.com\/?post_type=product&#038;p=9823"},"modified":"2026-02-27T21:02:19","modified_gmt":"2026-02-27T21:02:19","slug":"dentifrice-crest-3d-white-fraicheur-arctique-135ml","status":"publish","type":"product","link":"https:\/\/parashopnarimel.com\/ar\/product\/dentifrice-crest-3d-white-fraicheur-arctique-135ml\/","title":{"rendered":"Dentifrice Crest 3d White Fra\u00eecheur Arctique 135ml"},"content":{"rendered":"<p>Pour un sourire plus \u00e9clatant, utilisez le dentifrice blanchissant Crest 3D White Fra\u00eecheur arctique. Il blanchit vos dents en \u00e9liminant jusqu\u2019\u00e0 80 % des taches de surface et prot\u00e8ge contre l\u2019apparition de nouvelles taches, pour un sourire visiblement plus blanc. Le dentifrice au fluorure 3D White renforce l\u2019\u00e9mail de vos dents et aide \u00e0 prot\u00e9ger contre la carie. Il procure en plus une explosion de fra\u00eecheur arctique qui dure longtemps apr\u00e8s le brossage.<br \/>\nAjoutez le dentifrice 3D White Fra\u00eecheur arctique \u00e0 votre routine de soins buccodentaires :<\/p>\n<p>Blanchit les dents en \u00e9liminant jusqu\u2019\u00e0 80 % des taches de surface<br \/>\nProt\u00e8ge les dents contre l\u2019apparition de nouvelles taches<br \/>\nRenforce les dents et sans danger pour l\u2019\u00e9mail<br \/>\nLe dentifrice au fluorure prot\u00e8ge contre la carie<br \/>\nSaveur de menthe glac\u00e9e<\/p>","protected":false},"excerpt":{"rendered":"<p>Pour un sourire plus \u00e9clatant, utilisez le dentifrice blanchissant Crest 3D White Fra\u00eecheur arctique. Il blanchit vos dents en \u00e9liminant<\/p>","protected":false},"featured_media":9856,"comment_status":"open","ping_status":"closed","template":"","meta":[],"product_brand":[],"product_cat":[2901],"product_tag":[],"class_list":{"0":"post-9823","1":"product","2":"type-product","3":"status-publish","4":"has-post-thumbnail","6":"product_cat-dentifrices","8":"first","9":"instock","10":"shipping-taxable","11":"purchasable","12":"product-type-simple"},"_links":{"self":[{"href":"https:\/\/parashopnarimel.com\/ar\/wp-json\/wp\/v2\/product\/9823","targetHints":{"allow":["GET"]}}],"collection":[{"href":"https:\/\/parashopnarimel.com\/ar\/wp-json\/wp\/v2\/product"}],"about":[{"href":"https:\/\/parashopnarimel.com\/ar\/wp-json\/wp\/v2\/types\/product"}],"replies":[{"embeddable":true,"href":"https:\/\/parashopnarimel.com\/ar\/wp-json\/wp\/v2\/comments?post=9823"}],"version-history":[{"count":2,"href":"https:\/\/parashopnarimel.com\/ar\/wp-json\/wp\/v2\/product\/9823\/revisions"}],"predecessor-version":[{"id":11993,"href":"https:\/\/parashopnarimel.com\/ar\/wp-json\/wp\/v2\/product\/9823\/revisions\/11993"}],"wp:featuredmedia":[{"embeddable":true,"href":"https:\/\/parashopnarimel.com\/ar\/wp-json\/wp\/v2\/media\/9856"}],"wp:attachment":[{"href":"https:\/\/parashopnarimel.com\/ar\/wp-json\/wp\/v2\/media?parent=9823"}],"wp:term":[{"taxonomy":"product_brand","embeddable":true,"href":"https:\/\/parashopnarimel.com\/ar\/wp-json\/wp\/v2\/product_brand?post=9823"},{"taxonomy":"product_cat","embeddable":true,"href":"https:\/\/parashopnarimel.com\/ar\/wp-json\/wp\/v2\/product_cat?post=9823"},{"taxonomy":"product_tag","embeddable":true,"href":"https:\/\/parashopnarimel.com\/ar\/wp-json\/wp\/v2\/product_tag?post=9823"}],"curies":[{"name":"wp","href":"https:\/\/api.w.org\/{rel}","templated":true}]}}