{"id":9987,"date":"2025-01-06T07:03:54","date_gmt":"2025-01-06T07:03:54","guid":{"rendered":"https:\/\/parashopnarimel.com\/?post_type=product&#038;p=9987"},"modified":"2025-01-19T09:43:18","modified_gmt":"2025-01-19T09:43:18","slug":"avene-physiolift-nuit-baume-lissant-regenerant-30ml","status":"publish","type":"product","link":"https:\/\/parashopnarimel.com\/ar\/product\/avene-physiolift-nuit-baume-lissant-regenerant-30ml\/","title":{"rendered":"Av\u00e8ne Physiolift Nuit Baume Lissant R\u00e9g\u00e9n\u00e9rant 30ml"},"content":{"rendered":"<p>Raffermit, r\u00e9duit les rides install\u00e9es et d\u00e9fatigue les traits, pour une peau plus lumineuse au r\u00e9veil.<br \/>\nUne formule \u00e9labor\u00e9e pour s\u2019adapter aux biorythmes de la peau :<br \/>\n\u2013 Renforce la fermet\u00e9 de la peau, r\u00e9duit les rides install\u00e9es et r\u00e9g\u00e9n\u00e8re la peau. Il b\u00e9n\u00e9ficie de l\u2019action compl\u00e9mentaire de l\u2019AscofillineTM, des Mono-Oligom\u00e8res d\u2019Acide Hyaluronique et du R\u00e9tinald\u00e9hyde : l\u2019activit\u00e9 cellulaire est relanc\u00e9e, et la peau recharg\u00e9e* en collag\u00e8ne et en acide hyaluronique.<br \/>\n\u2013 D\u00e9froisse les traits, pour une peau lumineuse au r\u00e9veil, gr\u00e2ce aux effets d\u00e9toxifiants de l\u2019Hesp\u00e9ridine Methyl Chalcone.<br \/>\n\u2013 Apaise : riche en Eau thermale d\u2019Av\u00e8ne, apaisante et anti-irritante.<br \/>\n*Tests in-vitro<br \/>\nConseils d\u2019utilisation<\/p>\n<p>Appliquez le soir sur une peau parfaitement propre, sur le visage et le cou.<br \/>\nEvitez le contour des yeux.<\/p>","protected":false},"excerpt":{"rendered":"<p>Raffermit, r\u00e9duit les rides install\u00e9es et d\u00e9fatigue les traits, pour une peau plus lumineuse au r\u00e9veil. Une formule \u00e9labor\u00e9e pour<\/p>","protected":false},"featured_media":10035,"comment_status":"open","ping_status":"closed","template":"","meta":[],"product_brand":[],"product_cat":[96,29],"product_tag":[],"class_list":{"0":"post-9987","1":"product","2":"type-product","3":"status-publish","4":"has-post-thumbnail","6":"product_cat-non-classe","7":"product_cat-creme","9":"first","10":"instock","11":"shipping-taxable","12":"purchasable","13":"product-type-simple"},"_links":{"self":[{"href":"https:\/\/parashopnarimel.com\/ar\/wp-json\/wp\/v2\/product\/9987","targetHints":{"allow":["GET"]}}],"collection":[{"href":"https:\/\/parashopnarimel.com\/ar\/wp-json\/wp\/v2\/product"}],"about":[{"href":"https:\/\/parashopnarimel.com\/ar\/wp-json\/wp\/v2\/types\/product"}],"replies":[{"embeddable":true,"href":"https:\/\/parashopnarimel.com\/ar\/wp-json\/wp\/v2\/comments?post=9987"}],"version-history":[{"count":2,"href":"https:\/\/parashopnarimel.com\/ar\/wp-json\/wp\/v2\/product\/9987\/revisions"}],"predecessor-version":[{"id":11914,"href":"https:\/\/parashopnarimel.com\/ar\/wp-json\/wp\/v2\/product\/9987\/revisions\/11914"}],"wp:featuredmedia":[{"embeddable":true,"href":"https:\/\/parashopnarimel.com\/ar\/wp-json\/wp\/v2\/media\/10035"}],"wp:attachment":[{"href":"https:\/\/parashopnarimel.com\/ar\/wp-json\/wp\/v2\/media?parent=9987"}],"wp:term":[{"taxonomy":"product_brand","embeddable":true,"href":"https:\/\/parashopnarimel.com\/ar\/wp-json\/wp\/v2\/product_brand?post=9987"},{"taxonomy":"product_cat","embeddable":true,"href":"https:\/\/parashopnarimel.com\/ar\/wp-json\/wp\/v2\/product_cat?post=9987"},{"taxonomy":"product_tag","embeddable":true,"href":"https:\/\/parashopnarimel.com\/ar\/wp-json\/wp\/v2\/product_tag?post=9987"}],"curies":[{"name":"wp","href":"https:\/\/api.w.org\/{rel}","templated":true}]}}