{"id":9988,"date":"2025-01-06T07:03:54","date_gmt":"2025-01-06T07:03:54","guid":{"rendered":"https:\/\/parashopnarimel.com\/?post_type=product&#038;p=9988"},"modified":"2025-01-19T09:43:07","modified_gmt":"2025-01-19T09:43:07","slug":"avene-physiolift-jour-creme-lissante-30ml","status":"publish","type":"product","link":"https:\/\/parashopnarimel.com\/ar\/product\/avene-physiolift-jour-creme-lissante-30ml\/","title":{"rendered":"Av\u00e8ne PhysioLift Jour Cr\u00e8me lissante 30ml"},"content":{"rendered":"<p>Cr\u00e8me de jour \u00e0 l\u2019acide hyaluronique pour lisser les rides install\u00e9es, retendre la peau, gagner en fermet\u00e9 et repulper. PhysioLift JOUR Cr\u00e8me lissante ravive la luminosit\u00e9 du visage et sublime le teint. Cette cr\u00e8me confort anti-\u00e2ge recharge* la peau en collag\u00e8ne et en acide hyaluronique, gr\u00e2ce \u00e0 l\u2019Ascofilline\u2122 et aux Mono-Oligom\u00e8res d\u2019Acide Hyaluronique. Elle prot\u00e8ge la peau des agressions radicalaires gr\u00e2ce \u00e0 la Provitamine E (Pr\u00e9-tocoph\u00e9ryl), puissant antioxydant. Sa formulation riche en Eau thermale d\u2019Av\u00e8ne apaisante, int\u00e8gre des agents soft-focus pour un effet flouteur de rides. Onctueuse et d\u00e9licatement parfum\u00e9e, elle est parfaitement adapt\u00e9e \u00e0 la peau s\u00e8che et sensible.<br \/>\nConseils d\u2019utilisation<br \/>\nLe matin, appliquez PhysioLift JOUR Cr\u00e8me lissante sur le visage, le cou et le d\u00e9collet\u00e9.<br \/>\nPour un effet raffermissant renforc\u00e9, terminez en pianotant avec le bout des doigts<\/p>","protected":false},"excerpt":{"rendered":"<p>Cr\u00e8me de jour \u00e0 l\u2019acide hyaluronique pour lisser les rides install\u00e9es, retendre la peau, gagner en fermet\u00e9 et repulper. PhysioLift<\/p>","protected":false},"featured_media":10037,"comment_status":"open","ping_status":"closed","template":"","meta":[],"product_brand":[],"product_cat":[96,29],"product_tag":[],"class_list":{"0":"post-9988","1":"product","2":"type-product","3":"status-publish","4":"has-post-thumbnail","6":"product_cat-non-classe","7":"product_cat-creme","9":"first","10":"instock","11":"shipping-taxable","12":"purchasable","13":"product-type-simple"},"_links":{"self":[{"href":"https:\/\/parashopnarimel.com\/ar\/wp-json\/wp\/v2\/product\/9988","targetHints":{"allow":["GET"]}}],"collection":[{"href":"https:\/\/parashopnarimel.com\/ar\/wp-json\/wp\/v2\/product"}],"about":[{"href":"https:\/\/parashopnarimel.com\/ar\/wp-json\/wp\/v2\/types\/product"}],"replies":[{"embeddable":true,"href":"https:\/\/parashopnarimel.com\/ar\/wp-json\/wp\/v2\/comments?post=9988"}],"version-history":[{"count":2,"href":"https:\/\/parashopnarimel.com\/ar\/wp-json\/wp\/v2\/product\/9988\/revisions"}],"predecessor-version":[{"id":11913,"href":"https:\/\/parashopnarimel.com\/ar\/wp-json\/wp\/v2\/product\/9988\/revisions\/11913"}],"wp:featuredmedia":[{"embeddable":true,"href":"https:\/\/parashopnarimel.com\/ar\/wp-json\/wp\/v2\/media\/10037"}],"wp:attachment":[{"href":"https:\/\/parashopnarimel.com\/ar\/wp-json\/wp\/v2\/media?parent=9988"}],"wp:term":[{"taxonomy":"product_brand","embeddable":true,"href":"https:\/\/parashopnarimel.com\/ar\/wp-json\/wp\/v2\/product_brand?post=9988"},{"taxonomy":"product_cat","embeddable":true,"href":"https:\/\/parashopnarimel.com\/ar\/wp-json\/wp\/v2\/product_cat?post=9988"},{"taxonomy":"product_tag","embeddable":true,"href":"https:\/\/parashopnarimel.com\/ar\/wp-json\/wp\/v2\/product_tag?post=9988"}],"curies":[{"name":"wp","href":"https:\/\/api.w.org\/{rel}","templated":true}]}}