{"id":9991,"date":"2025-01-06T07:03:54","date_gmt":"2025-01-06T07:03:54","guid":{"rendered":"https:\/\/parashopnarimel.com\/?post_type=product&#038;p=9991"},"modified":"2026-01-24T20:55:43","modified_gmt":"2026-01-24T20:55:43","slug":"uriage-bariederm-cica-daily-serum-30ml","status":"publish","type":"product","link":"https:\/\/parashopnarimel.com\/ar\/product\/uriage-bariederm-cica-daily-serum-30ml\/","title":{"rendered":"Uriage Bari\u00e9derm-Cica Daily S\u00e9rum 30ml"},"content":{"rendered":"<p>S\u00c9RUM R\u00c9PARATEUR VISAGE<br \/>\nTeint terne, inconfort, signes de fatigue, ridules, petites imperfections ou rougeurs. N\u00e9 de notre expertise de la barri\u00e8re de la peau, ce s\u00e9rum dermatologique haute tol\u00e9rance renforce, prot\u00e8ge et r\u00e9pare les peaux agress\u00e9es et fragilis\u00e9es quotidiennement.<br \/>\nR\u00c9\u00c9QUILIBRE<br \/>\nInnovation : 10,5 % Complexe Thermal-Biotic L\u2019Eau Thermale d\u2019Uriage associ\u00e9 \u00e0 un pr\u00e9biotique, l\u2019Inuline, offre une action r\u00e9\u00e9quilibrante unique sur la barri\u00e8re cutan\u00e9e et le microbiome.<br \/>\nUNIFIE, APAISE ET FAVORISE LA R\u00c9PARATION \u00c9PIDERMIQUE<br \/>\nConcentr\u00e9 en Centella Asiatica r\u00e9paratrice, associ\u00e9e \u00e0 de l\u2019Acide Hyaluronique Haut et Bas poids mol\u00e9culaire et de la Vitamine B5, ce s\u00e9rum hydrate intens\u00e9ment la peau, favorise sa r\u00e9paration \u00e9pidermique et homog\u00e9n\u00e9ise le teint.<br \/>\nRENFORCE<br \/>\nSa formule aux dipeptides aide \u00e0 stimuler la r\u00e9paration de la peau pour pr\u00e9venir l\u2019apparition des signes de l\u2019\u00e2ge.<br \/>\nFormule compos\u00e9e \u00e0 97 % d\u2019ingr\u00e9dients d\u2019origine naturelle.<br \/>\nNon parfum\u00e9<br \/>\nHaute tol\u00e9rance<br \/>\nTexture fra\u00eeche ultra-fluide<br \/>\nTest\u00e9 sous contr\u00f4le dermatologiqu<br \/>\nConseils d\u2019utilisation<br \/>\nAppliquer 1 \u00e0 2 pipettes matin et soir sur l\u2019ensemble du visage, avant votre Bari\u00e9derm-Cica Daily Gel-Cr\u00e8me sur une peau parfaitement nettoy\u00e9e et s\u00e9ch\u00e9e.<br \/>\n\u00c9viter le contact avec les yeux.<\/p>","protected":false},"excerpt":{"rendered":"<p>S\u00c9RUM R\u00c9PARATEUR VISAGE Teint terne, inconfort, signes de fatigue, ridules, petites imperfections ou rougeurs. N\u00e9 de notre expertise de la<\/p>","protected":false},"featured_media":10039,"comment_status":"open","ping_status":"closed","template":"","meta":[],"product_brand":[],"product_cat":[96,2906],"product_tag":[2643],"class_list":{"0":"post-9991","1":"product","2":"type-product","3":"status-publish","4":"has-post-thumbnail","6":"product_cat-non-classe","7":"product_cat-serums","8":"product_tag-serum-renforcesoin-reparateur","10":"first","11":"instock","12":"shipping-taxable","13":"purchasable","14":"product-type-simple"},"_links":{"self":[{"href":"https:\/\/parashopnarimel.com\/ar\/wp-json\/wp\/v2\/product\/9991","targetHints":{"allow":["GET"]}}],"collection":[{"href":"https:\/\/parashopnarimel.com\/ar\/wp-json\/wp\/v2\/product"}],"about":[{"href":"https:\/\/parashopnarimel.com\/ar\/wp-json\/wp\/v2\/types\/product"}],"replies":[{"embeddable":true,"href":"https:\/\/parashopnarimel.com\/ar\/wp-json\/wp\/v2\/comments?post=9991"}],"version-history":[{"count":2,"href":"https:\/\/parashopnarimel.com\/ar\/wp-json\/wp\/v2\/product\/9991\/revisions"}],"predecessor-version":[{"id":11923,"href":"https:\/\/parashopnarimel.com\/ar\/wp-json\/wp\/v2\/product\/9991\/revisions\/11923"}],"wp:featuredmedia":[{"embeddable":true,"href":"https:\/\/parashopnarimel.com\/ar\/wp-json\/wp\/v2\/media\/10039"}],"wp:attachment":[{"href":"https:\/\/parashopnarimel.com\/ar\/wp-json\/wp\/v2\/media?parent=9991"}],"wp:term":[{"taxonomy":"product_brand","embeddable":true,"href":"https:\/\/parashopnarimel.com\/ar\/wp-json\/wp\/v2\/product_brand?post=9991"},{"taxonomy":"product_cat","embeddable":true,"href":"https:\/\/parashopnarimel.com\/ar\/wp-json\/wp\/v2\/product_cat?post=9991"},{"taxonomy":"product_tag","embeddable":true,"href":"https:\/\/parashopnarimel.com\/ar\/wp-json\/wp\/v2\/product_tag?post=9991"}],"curies":[{"name":"wp","href":"https:\/\/api.w.org\/{rel}","templated":true}]}}